{"id":8157,"date":"2025-11-12T13:21:16","date_gmt":"2025-11-12T12:21:16","guid":{"rendered":"https:\/\/collairy.com\/product\/magseapearls\/"},"modified":"2025-11-12T13:21:16","modified_gmt":"2025-11-12T12:21:16","slug":"magseapearls","status":"publish","type":"product","link":"https:\/\/collairy.com\/zh-hans\/product\/magseapearls\/","title":{"rendered":"MagSeapearls"},"content":{"rendered":"<p data-start=\"58\" data-end=\"387\">Dieses farbenfrohe 4er-Set aus handgefertigten MagModulen bringt verspielte Frische und Leichtigkeit an jedes Collairy-Halsband. Die vier einzigartigen Designs erinnern an kleine Meeresbl\u00fcten \u2013 jedes Modul ein Statement f\u00fcr sich. Die Kombination aus zarten, gl\u00e4nzenden Perlen und kr\u00e4ftigen Farben macht sie zu echten Blickf\u00e4ngen.  <\/p>\n<p data-start=\"389\" data-end=\"654\">Ideal geeignet f\u00fcr Halsbandgr\u00f6ssen M bis XL, bei Gr\u00f6sse S entfaltet das Modul seine Wirkung als auff\u00e4lliges Statement. Jedes St\u00fcck ist ein Unikat, daher kann es zu leichten Abweichungen in Form oder Farbverlauf kommen . <\/p>\n<p data-start=\"656\" data-end=\"786\" data-is-last-node=\"\" data-is-only-node=\"\">Die Module lassen sich beliebig kombinieren und anordnen \u2013 f\u00fcr einen individuellen Look, der sich jederzeit neu inszenieren l\u00e4sst.<\/p>\n<div class=\"text-base my-auto mx-auto [--thread-content-margin:--spacing(4)] thread-sm:[--thread-content-margin:--spacing(6)] thread-lg:[--thread-content-margin:--spacing(16)] px-(--thread-content-margin)\">\n<div class=\"[--thread-content-max-width:40rem] thread-lg:[--thread-content-max-width:48rem] mx-auto max-w-(--thread-content-max-width) flex-1 group\/turn-messages focus-visible:outline-hidden relative flex w-full min-w-0 flex-col agent-turn\" tabindex=\"-1\">\n<div class=\"flex max-w-full flex-col grow\">\n<div class=\"min-h-8 text-message relative flex w-full flex-col items-end gap-2 text-start break-words whitespace-normal [.text-message+&amp;]:mt-1\" dir=\"auto\" data-message-author-role=\"assistant\" data-message-id=\"20b580eb-381c-41f3-99fe-803789e250ed\" data-message-model-slug=\"gpt-4o\">\n<div class=\"flex w-full flex-col gap-1 empty:hidden first:pt-[1px]\">\n<div class=\"streaming-animation markdown prose dark:prose-invert w-full break-words light markdown-new-styling\">\n<p data-start=\"0\" data-end=\"337\" data-is-last-node=\"\" data-is-only-node=\"\">\n<\/div>\n<\/div>\n<\/div>\n<\/div>\n<\/div>\n<\/div>\n","protected":false},"excerpt":{"rendered":"<article class=\"text-token-text-primary w-full focus:outline-none [--shadow-height:45px] has-data-writing-block:pointer-events-none has-data-writing-block:-mt-(--shadow-height) has-data-writing-block:pt-(--shadow-height) [&amp;:has([data-writing-block])&gt;*]:pointer-events-auto [content-visibility:auto] supports-[content-visibility:auto]:[contain-intrinsic-size:auto_100lvh] scroll-mt-[calc(var(--header-height)+min(200px,max(70px,20svh)))]\" dir=\"auto\" tabindex=\"-1\" data-turn-id=\"request-WEB:acff05e0-1d05-4704-b4ec-99d33d5cb4df-59\" data-testid=\"conversation-turn-72\" data-scroll-anchor=\"false\" data-turn=\"assistant\">\n<div class=\"text-base my-auto mx-auto [--thread-content-margin:--spacing(4)] thread-sm:[--thread-content-margin:--spacing(6)] thread-lg:[--thread-content-margin:--spacing(16)] px-(--thread-content-margin)\">\n<div class=\"[--thread-content-max-width:40rem] thread-lg:[--thread-content-max-width:48rem] mx-auto max-w-(--thread-content-max-width) flex-1 group\/turn-messages focus-visible:outline-hidden relative flex w-full min-w-0 flex-col agent-turn\" tabindex=\"-1\">\n<div class=\"flex max-w-full flex-col grow\">\n<div class=\"min-h-8 text-message relative flex w-full flex-col items-end gap-2 text-start break-words whitespace-normal [.text-message+&amp;]:mt-1\" dir=\"auto\" data-message-author-role=\"assistant\" data-message-id=\"20b580eb-381c-41f3-99fe-803789e250ed\" data-message-model-slug=\"gpt-4o\">\n<div class=\"flex w-full flex-col gap-1 empty:hidden first:pt-[1px]\">\n<div class=\"streaming-animation markdown prose dark:prose-invert w-full break-words light markdown-new-styling\">\n<p data-start=\"0\" data-end=\"337\" data-is-last-node=\"\" data-is-only-node=\"\">Vierteiliges MagModul 4er Set in Muschelform \u2013 ideal f\u00fcr <strong>Halsbandgr\u00f6sse\u202fS<\/strong> als auff\u00e4lliges Statement, oder dezent kombiniert mi<strong>t M, L und XL.<\/strong> Die Farben und Formen der einzelnen Module erg\u00e4nzen sich harmonisch, wirken aber auch einzeln. Jedes St\u00fcck is einzigartig, leichte Abweichungen in Form oder Farbverlauf sind m\u00f6glich. <\/p>\n<\/div>\n<\/div>\n<\/div>\n<\/div>\n<\/div>\n<\/div>\n<\/article>\n","protected":false},"featured_media":8158,"template":"","meta":[],"product_brand":[],"product_cat":[407],"product_tag":[],"class_list":{"0":"post-8157","1":"product","2":"type-product","3":"status-publish","4":"has-post-thumbnail","6":"product_cat-akzente","8":"first","9":"instock","10":"taxable","11":"shipping-taxable","12":"purchasable","13":"product-type-simple"},"_links":{"self":[{"href":"https:\/\/collairy.com\/zh-hans\/wp-json\/wp\/v2\/product\/8157","targetHints":{"allow":["GET"]}}],"collection":[{"href":"https:\/\/collairy.com\/zh-hans\/wp-json\/wp\/v2\/product"}],"about":[{"href":"https:\/\/collairy.com\/zh-hans\/wp-json\/wp\/v2\/types\/product"}],"version-history":[{"count":0,"href":"https:\/\/collairy.com\/zh-hans\/wp-json\/wp\/v2\/product\/8157\/revisions"}],"wp:featuredmedia":[{"embeddable":true,"href":"https:\/\/collairy.com\/zh-hans\/wp-json\/wp\/v2\/media\/8158"}],"wp:attachment":[{"href":"https:\/\/collairy.com\/zh-hans\/wp-json\/wp\/v2\/media?parent=8157"}],"wp:term":[{"taxonomy":"product_brand","embeddable":true,"href":"https:\/\/collairy.com\/zh-hans\/wp-json\/wp\/v2\/product_brand?post=8157"},{"taxonomy":"product_cat","embeddable":true,"href":"https:\/\/collairy.com\/zh-hans\/wp-json\/wp\/v2\/product_cat?post=8157"},{"taxonomy":"product_tag","embeddable":true,"href":"https:\/\/collairy.com\/zh-hans\/wp-json\/wp\/v2\/product_tag?post=8157"}],"curies":[{"name":"wp","href":"https:\/\/api.w.org\/{rel}","templated":true}]}}