{"id":7904,"date":"2025-08-30T23:44:52","date_gmt":"2025-08-30T21:44:52","guid":{"rendered":"https:\/\/collairy.com\/chi-siamo\/"},"modified":"2025-11-18T14:07:52","modified_gmt":"2025-11-18T13:07:52","slug":"chi-siamo","status":"publish","type":"page","link":"https:\/\/collairy.com\/it\/chi-siamo\/","title":{"rendered":"Chi siamo"},"content":{"rendered":"\t\t<div data-elementor-type=\"wp-page\" data-elementor-id=\"7904\" class=\"elementor elementor-7904 elementor-5438\" data-elementor-post-type=\"page\">\n\t\t\t\t<div class=\"elementor-element elementor-element-5f6d112e e-flex e-con-boxed e-con e-parent\" data-id=\"5f6d112e\" data-element_type=\"container\" data-e-type=\"container\" data-settings=\"{&quot;background_background&quot;:&quot;classic&quot;}\">\n\t\t\t\t\t<div class=\"e-con-inner\">\n\t\t\t\t\t<\/div>\n\t\t\t\t<\/div>\n\t\t<div class=\"elementor-element elementor-element-154c56de e-flex e-con-boxed e-con e-parent\" data-id=\"154c56de\" data-element_type=\"container\" data-e-type=\"container\">\n\t\t\t\t\t<div class=\"e-con-inner\">\n\t\t\t\t<div class=\"elementor-element elementor-element-a14cbda elementor-widget elementor-widget-heading\" data-id=\"a14cbda\" data-element_type=\"widget\" data-e-type=\"widget\" data-widget_type=\"heading.default\">\n\t\t\t\t\t<h2 class=\"elementor-heading-title elementor-size-default\">Vivo con la mia piccola banda:\n<\/h2>\t\t\t\t<\/div>\n\t\t<div class=\"elementor-element elementor-element-16a74a58 e-con-full e-flex e-con e-child\" data-id=\"16a74a58\" data-element_type=\"container\" data-e-type=\"container\">\n\t\t<div class=\"elementor-element elementor-element-75c09708 e-con-full e-flex e-con e-child\" data-id=\"75c09708\" data-element_type=\"container\" data-e-type=\"container\">\n\t\t\t\t<div class=\"elementor-element elementor-element-1eed6e9f elementor-widget elementor-widget-image\" data-id=\"1eed6e9f\" data-element_type=\"widget\" data-e-type=\"widget\" data-widget_type=\"image.default\">\n\t\t\t\t\t\t\t\t\t\t\t\t\t\t\t<img loading=\"lazy\" decoding=\"async\" width=\"300\" height=\"300\" src=\"https:\/\/collairy.com\/wp-content\/uploads\/2025\/08\/Mel-Pic.png\" class=\"attachment-large size-large wp-image-7907\" alt=\"\" srcset=\"https:\/\/collairy.com\/wp-content\/uploads\/2025\/08\/Mel-Pic.png 300w, https:\/\/collairy.com\/wp-content\/uploads\/2025\/08\/Mel-Pic-100x100.png 100w, https:\/\/collairy.com\/wp-content\/uploads\/2025\/08\/Mel-Pic-150x150.png 150w\" sizes=\"auto, (max-width:767px) 300px, 300px\" \/>\t\t\t\t\t\t\t\t\t\t\t\t\t\t\t<\/div>\n\t\t\t\t<div class=\"elementor-element elementor-element-1242986b elementor-widget elementor-widget-heading\" data-id=\"1242986b\" data-element_type=\"widget\" data-e-type=\"widget\" data-widget_type=\"heading.default\">\n\t\t\t\t\t<h3 class=\"elementor-heading-title elementor-size-default\">Mel<\/h3>\t\t\t\t<\/div>\n\t\t\t\t<div class=\"elementor-element elementor-element-1cbd71c8 elementor-widget elementor-widget-text-editor\" data-id=\"1cbd71c8\" data-element_type=\"widget\" data-e-type=\"widget\" data-widget_type=\"text-editor.default\">\n\t\t\t\t\t\t\t\t\t<p>Il mio fedele Dobermann, che fuori chiamo affettuosamente Mely.<\/p>\t\t\t\t\t\t\t\t<\/div>\n\t\t\t\t<\/div>\n\t\t<div class=\"elementor-element elementor-element-aa6428a e-con-full e-flex e-con e-child\" data-id=\"aa6428a\" data-element_type=\"container\" data-e-type=\"container\">\n\t\t\t\t<div class=\"elementor-element elementor-element-2f60df7f elementor-widget elementor-widget-image\" data-id=\"2f60df7f\" data-element_type=\"widget\" data-e-type=\"widget\" data-widget_type=\"image.default\">\n\t\t\t\t\t\t\t\t\t\t\t\t\t\t\t<img loading=\"lazy\" decoding=\"async\" width=\"300\" height=\"300\" src=\"https:\/\/collairy.com\/wp-content\/uploads\/2025\/08\/Charly.png\" class=\"attachment-large size-large wp-image-7908\" alt=\"\" srcset=\"https:\/\/collairy.com\/wp-content\/uploads\/2025\/08\/Charly.png 300w, https:\/\/collairy.com\/wp-content\/uploads\/2025\/08\/Charly-100x100.png 100w, https:\/\/collairy.com\/wp-content\/uploads\/2025\/08\/Charly-150x150.png 150w\" sizes=\"auto, (max-width:767px) 300px, 300px\" \/>\t\t\t\t\t\t\t\t\t\t\t\t\t\t\t<\/div>\n\t\t\t\t<div class=\"elementor-element elementor-element-3a568325 elementor-widget elementor-widget-heading\" data-id=\"3a568325\" data-element_type=\"widget\" data-e-type=\"widget\" data-widget_type=\"heading.default\">\n\t\t\t\t\t<h3 class=\"elementor-heading-title elementor-size-default\">Charly<\/h3>\t\t\t\t<\/div>\n\t\t\t\t<div class=\"elementor-element elementor-element-32280167 elementor-widget elementor-widget-text-editor\" data-id=\"32280167\" data-element_type=\"widget\" data-e-type=\"widget\" data-widget_type=\"text-editor.default\">\n\t\t\t\t\t\t\t\t\tIl mio vivace Weimaraner, con la sua testa e un grande cuore. Ama le lunghe passeggiate, le coccole infinite e ha sempre il suo piano \u2013 ma \u00e8 proprio questo che lo rende cos\u00ec speciale. \t\t\t\t\t\t\t\t<\/div>\n\t\t\t\t<\/div>\n\t\t<div class=\"elementor-element elementor-element-ff9c96d e-con-full e-flex e-con e-child\" data-id=\"ff9c96d\" data-element_type=\"container\" data-e-type=\"container\">\n\t\t\t\t<div class=\"elementor-element elementor-element-2edc11c elementor-widget elementor-widget-image\" data-id=\"2edc11c\" data-element_type=\"widget\" data-e-type=\"widget\" data-widget_type=\"image.default\">\n\t\t\t\t\t\t\t\t\t\t\t\t\t\t\t<img loading=\"lazy\" decoding=\"async\" width=\"300\" height=\"300\" src=\"https:\/\/collairy.com\/wp-content\/uploads\/2025\/08\/Kalea.png\" class=\"attachment-large size-large wp-image-7909\" alt=\"\" srcset=\"https:\/\/collairy.com\/wp-content\/uploads\/2025\/08\/Kalea.png 300w, https:\/\/collairy.com\/wp-content\/uploads\/2025\/08\/Kalea-100x100.png 100w, https:\/\/collairy.com\/wp-content\/uploads\/2025\/08\/Kalea-150x150.png 150w\" sizes=\"auto, (max-width:767px) 300px, 300px\" \/>\t\t\t\t\t\t\t\t\t\t\t\t\t\t\t<\/div>\n\t\t\t\t<div class=\"elementor-element elementor-element-2940654f elementor-widget elementor-widget-heading\" data-id=\"2940654f\" data-element_type=\"widget\" data-e-type=\"widget\" data-widget_type=\"heading.default\">\n\t\t\t\t\t<h3 class=\"elementor-heading-title elementor-size-default\">Kalea<\/h3>\t\t\t\t<\/div>\n\t\t\t\t<div class=\"elementor-element elementor-element-8e8c6ce elementor-widget elementor-widget-text-editor\" data-id=\"8e8c6ce\" data-element_type=\"widget\" data-e-type=\"widget\" data-widget_type=\"text-editor.default\">\n\t\t\t\t\t\t\t\t\tUn&#8217;ex cagnolina di strada che, con tanta pazienza e amore, ha trovato il suo posto fisso nel nostro branco.\t\t\t\t\t\t\t\t<\/div>\n\t\t\t\t<\/div>\n\t\t\t\t<\/div>\n\t\t\t\t\t<\/div>\n\t\t\t\t<\/div>\n\t\t<div class=\"elementor-element elementor-element-3a120958 e-flex e-con-boxed e-con e-parent\" data-id=\"3a120958\" data-element_type=\"container\" data-e-type=\"container\">\n\t\t\t\t\t<div class=\"e-con-inner\">\n\t\t<div class=\"elementor-element elementor-element-1b2016de e-con-full e-flex e-con e-child\" data-id=\"1b2016de\" data-element_type=\"container\" data-e-type=\"container\">\n\t\t\t\t<div class=\"elementor-element elementor-element-4f45e7fa elementor-widget elementor-widget-heading\" data-id=\"4f45e7fa\" data-element_type=\"widget\" data-e-type=\"widget\" data-widget_type=\"heading.default\">\n\t\t\t\t\t<h2 class=\"elementor-heading-title elementor-size-default\">Tre cani. Tre personalit\u00e0. E una quotidianit\u00e0 che \u00e8 tutto\n\u2013 tranne che semplice.  <\/h2>\t\t\t\t<\/div>\n\t\t\t\t<\/div>\n\t\t\t\t\t<\/div>\n\t\t\t\t<\/div>\n\t\t<div class=\"elementor-element elementor-element-34c473b e-flex e-con-boxed e-con e-parent\" data-id=\"34c473b\" data-element_type=\"container\" data-e-type=\"container\">\n\t\t\t\t\t<div class=\"e-con-inner\">\n\t\t<div class=\"elementor-element elementor-element-36cb0e15 e-con-full e-flex e-con e-child\" data-id=\"36cb0e15\" data-element_type=\"container\" data-e-type=\"container\">\n\t\t\t\t<div class=\"elementor-element elementor-element-6ce3bd82 elementor-widget elementor-widget-text-editor\" data-id=\"6ce3bd82\" data-element_type=\"widget\" data-e-type=\"widget\" data-widget_type=\"text-editor.default\">\n\t\t\t\t\t\t\t\t\t<p>Chi ha mai provato a preparare tre cani contemporaneamente per uscire, conosce il caos: guinzagli, collari, AirTag, modulo luce, medaglietta\u2026 E ogni volta \u2013 davvero ogni volta \u2013 a uno mancava qualcosa. A volte la luce, a volte il localizzatore GPS, a volte la medaglietta d&#8217;emergenza. Spesso era quello che gi\u00e0 scalpitava impaziente alla porta. Ad un certo punto mi sono detta:   <br><strong>Perch\u00e9 non esiste un collare che possa fare tutto<br>\u2013 e che sia comunque bello da vedere?<\/strong><\/p>\t\t\t\t\t\t\t\t<\/div>\n\t\t\t\t<div class=\"elementor-element elementor-element-31ecbfad elementor-position-left elementor-vertical-align-middle elementor-widget elementor-widget-image-box\" data-id=\"31ecbfad\" data-element_type=\"widget\" data-e-type=\"widget\" data-widget_type=\"image-box.default\">\n\t\t\t\t\t<div class=\"elementor-image-box-wrapper\"><figure class=\"elementor-image-box-img\"><img loading=\"lazy\" decoding=\"async\" width=\"500\" height=\"500\" src=\"https:\/\/collairy.com\/wp-content\/uploads\/2025\/06\/Emily-neu.png\" class=\"attachment-full size-full wp-image-7910\" alt=\"\" srcset=\"https:\/\/collairy.com\/wp-content\/uploads\/2025\/06\/Emily-neu.png 500w, https:\/\/collairy.com\/wp-content\/uploads\/2025\/06\/Emily-neu-100x100.png 100w, https:\/\/collairy.com\/wp-content\/uploads\/2025\/06\/Emily-neu-300x300.png 300w, https:\/\/collairy.com\/wp-content\/uploads\/2025\/06\/Emily-neu-150x150.png 150w\" sizes=\"auto, (max-width:767px) 480px, 500px\" \/><\/figure><div class=\"elementor-image-box-content\"><h3 class=\"elementor-image-box-title\">Emily<\/h3><p class=\"elementor-image-box-description\">In qualche modo capo - Capo del caos\n<\/p><\/div><\/div>\t\t\t\t<\/div>\n\t\t\t\t<\/div>\n\t\t<div class=\"elementor-element elementor-element-1c7aecd6 e-con-full e-flex e-con e-child\" data-id=\"1c7aecd6\" data-element_type=\"container\" data-e-type=\"container\">\n\t\t\t\t<div class=\"elementor-element elementor-element-65d526a7 elementor-widget elementor-widget-image\" data-id=\"65d526a7\" data-element_type=\"widget\" data-e-type=\"widget\" data-widget_type=\"image.default\">\n\t\t\t\t\t\t\t\t\t\t\t\t\t\t\t<img loading=\"lazy\" decoding=\"async\" width=\"601\" height=\"769\" src=\"https:\/\/collairy.com\/wp-content\/uploads\/2025\/08\/Untitled-design.png\" class=\"attachment-large size-large wp-image-7911\" alt=\"\" srcset=\"https:\/\/collairy.com\/wp-content\/uploads\/2025\/08\/Untitled-design.png 601w, https:\/\/collairy.com\/wp-content\/uploads\/2025\/08\/Untitled-design-234x300.png 234w, https:\/\/collairy.com\/wp-content\/uploads\/2025\/08\/Untitled-design-555x710.png 555w\" sizes=\"auto, (max-width:767px) 480px, 601px\" \/>\t\t\t\t\t\t\t\t\t\t\t\t\t\t\t<\/div>\n\t\t\t\t<\/div>\n\t\t\t\t\t<\/div>\n\t\t\t\t<\/div>\n\t\t<div class=\"elementor-element elementor-element-35a4cd84 e-flex e-con-boxed e-con e-parent\" data-id=\"35a4cd84\" data-element_type=\"container\" data-e-type=\"container\">\n\t\t\t\t\t<div class=\"e-con-inner\">\n\t\t<div class=\"elementor-element elementor-element-3fafb3e4 e-con-full e-flex e-con e-child\" data-id=\"3fafb3e4\" data-element_type=\"container\" data-e-type=\"container\">\n\t\t\t\t<div class=\"elementor-element elementor-element-6ac3508 elementor-widget elementor-widget-heading\" data-id=\"6ac3508\" data-element_type=\"widget\" data-e-type=\"widget\" data-widget_type=\"heading.default\">\n\t\t\t\t\t<h2 class=\"elementor-heading-title elementor-size-default\">Cos\u00ec \u00e8 nato Collairy<\/h2>\t\t\t\t<\/div>\n\t\t\t\t<\/div>\n\t\t\t\t\t<\/div>\n\t\t\t\t<\/div>\n\t\t<div class=\"elementor-element elementor-element-5b337b98 e-flex e-con-boxed e-con e-parent\" data-id=\"5b337b98\" data-element_type=\"container\" data-e-type=\"container\">\n\t\t\t\t\t<div class=\"e-con-inner\">\n\t\t<div class=\"elementor-element elementor-element-22ac4aa5 e-con-full e-flex e-con e-child\" data-id=\"22ac4aa5\" data-element_type=\"container\" data-e-type=\"container\">\n\t\t\t\t<div class=\"elementor-element elementor-element-fb1a100 elementor-widget elementor-widget-image\" data-id=\"fb1a100\" data-element_type=\"widget\" data-e-type=\"widget\" data-widget_type=\"image.default\">\n\t\t\t\t\t\t\t\t\t\t\t\t\t\t\t<img loading=\"lazy\" decoding=\"async\" width=\"800\" height=\"1200\" src=\"https:\/\/collairy.com\/wp-content\/uploads\/2025\/09\/Image-800x1200.png\" class=\"attachment-large size-large wp-image-7905\" alt=\"\" srcset=\"https:\/\/collairy.com\/wp-content\/uploads\/2025\/09\/Image-800x1200.png 800w, https:\/\/collairy.com\/wp-content\/uploads\/2025\/09\/Image-333x500.png 333w, https:\/\/collairy.com\/wp-content\/uploads\/2025\/09\/Image-200x300.png 200w, https:\/\/collairy.com\/wp-content\/uploads\/2025\/09\/Image-768x1152.png 768w, https:\/\/collairy.com\/wp-content\/uploads\/2025\/09\/Image-50x75.png 50w, https:\/\/collairy.com\/wp-content\/uploads\/2025\/09\/Image-480x720.png 480w\" sizes=\"auto, (max-width:767px) 480px, (max-width:800px) 100vw, 800px\" \/>\t\t\t\t\t\t\t\t\t\t\t\t\t\t\t<\/div>\n\t\t\t\t<\/div>\n\t\t<div class=\"elementor-element elementor-element-2c6ea1d3 e-con-full e-flex e-con e-child\" data-id=\"2c6ea1d3\" data-element_type=\"container\" data-e-type=\"container\">\n\t\t\t\t<div class=\"elementor-element elementor-element-27c9e5e8 elementor-widget elementor-widget-text-editor\" data-id=\"27c9e5e8\" data-element_type=\"widget\" data-e-type=\"widget\" data-widget_type=\"text-editor.default\">\n\t\t\t\t\t\t\t\t\t<p>Un sistema di collari modulare e magnetico, che non \u00e8 solo pratico, ma anche elegante.<br>Con moduli intercambiabili per localizzazione, luce, richiamo o informazioni mediche e un guinzaglio che pu\u00f2 essere azionato con una mano.<br><strong>E il meglio? Grazie alla connessione magnetica, tutto si attacca in un lampo: clic, clic, clic \u2013 e tre moduli sono gi\u00e0 saldamente al collare.<\/strong><\/p><p>Robusto. Ben pensato. E abbastanza bello da volerlo mostrare.  <\/p><p>Volevo creare qualcosa che si adattasse alla nostra quotidianit\u00e0 \u2013<br>e ai cani che la riempiono di vita.<br>Un collare che si adatta:<br>A diverse situazioni. A diversi cani.<br>E all&#8217;amore che proviamo per loro ogni giorno. <\/p><p><strong>Collairy by Emily<\/strong> \u00e8 sinonimo di vicinanza, fiducia \u2013<br>e della gioia di vivere con i cani.<\/p>\t\t\t\t\t\t\t\t<\/div>\n\t\t\t\t<\/div>\n\t\t\t\t\t<\/div>\n\t\t\t\t<\/div>\n\t\t<div class=\"elementor-element elementor-element-16be28b8 e-flex e-con-boxed e-con e-parent\" data-id=\"16be28b8\" data-element_type=\"container\" data-e-type=\"container\" data-settings=\"{&quot;background_background&quot;:&quot;classic&quot;}\">\n\t\t\t\t\t<div class=\"e-con-inner\">\n\t\t<div class=\"elementor-element elementor-element-29cb55e1 e-con-full e-flex e-con e-child\" data-id=\"29cb55e1\" data-element_type=\"container\" data-e-type=\"container\">\n\t\t\t\t<div class=\"elementor-element elementor-element-717de09f elementor-widget elementor-widget-heading\" data-id=\"717de09f\" data-element_type=\"widget\" data-e-type=\"widget\" data-widget_type=\"heading.default\">\n\t\t\t\t\t<h2 class=\"elementor-heading-title elementor-size-default\">Collairy by Emily<\/h2>\t\t\t\t<\/div>\n\t\t\t\t<div class=\"elementor-element elementor-element-12d524a3 elementor-widget elementor-widget-heading\" data-id=\"12d524a3\" data-element_type=\"widget\" data-e-type=\"widget\" data-widget_type=\"heading.default\">\n\t\t\t\t\t<h3 class=\"elementor-heading-title elementor-size-default\">\u00e8 sinonimo di vicinanza, fiducia \u2013 e della gioia di vivere con i cani.<\/h3>\t\t\t\t<\/div>\n\t\t\t\t<\/div>\n\t\t<div class=\"elementor-element elementor-element-4d6264fe e-con-full e-flex e-con e-child\" data-id=\"4d6264fe\" data-element_type=\"container\" data-e-type=\"container\">\n\t\t\t\t<div class=\"elementor-element elementor-element-b1abf9a elementor-skin-carousel elementor-widget elementor-widget-media-carousel\" data-id=\"b1abf9a\" data-element_type=\"widget\" data-e-type=\"widget\" data-settings=\"{&quot;slides_per_view&quot;:&quot;1&quot;,&quot;slides_per_view_laptop&quot;:&quot;1&quot;,&quot;slides_per_view_tablet&quot;:&quot;1&quot;,&quot;slides_to_scroll&quot;:&quot;1&quot;,&quot;slides_to_scroll_laptop&quot;:&quot;1&quot;,&quot;slides_to_scroll_tablet&quot;:&quot;1&quot;,&quot;skin&quot;:&quot;carousel&quot;,&quot;effect&quot;:&quot;slide&quot;,&quot;speed&quot;:500,&quot;autoplay&quot;:&quot;yes&quot;,&quot;autoplay_speed&quot;:5000,&quot;loop&quot;:&quot;yes&quot;,&quot;pause_on_hover&quot;:&quot;yes&quot;,&quot;pause_on_interaction&quot;:&quot;yes&quot;,&quot;space_between&quot;:{&quot;unit&quot;:&quot;px&quot;,&quot;size&quot;:10,&quot;sizes&quot;:[]},&quot;space_between_laptop&quot;:{&quot;unit&quot;:&quot;px&quot;,&quot;size&quot;:10,&quot;sizes&quot;:[]},&quot;space_between_tablet&quot;:{&quot;unit&quot;:&quot;px&quot;,&quot;size&quot;:10,&quot;sizes&quot;:[]},&quot;space_between_mobile&quot;:{&quot;unit&quot;:&quot;px&quot;,&quot;size&quot;:10,&quot;sizes&quot;:[]}}\" data-widget_type=\"media-carousel.default\">\n\t\t\t\t\t\t\t\t\t\t<div class=\"elementor-main-swiper swiper\" role=\"region\" aria-roledescription=\"carousel\" aria-label=\"Slider\">\n\t\t\t\t<div class=\"swiper-wrapper\">\n\t\t\t\t\t\t\t\t\t\t\t<div class=\"swiper-slide\" role=\"group\" aria-roledescription=\"slide\">\n\t\t\t\t\t\t\t\t\t<div class=\"elementor-carousel-image\" role=\"img\" aria-label=\"WhatsApp Image 2025-09-23 at 16.01.04_05376c13\" style=\"background-image: url(&#039;https:\/\/collairy.com\/wp-content\/uploads\/2025\/09\/WhatsApp-Image-2025-09-23-at-16.01.04_05376c13.jpg&#039;)\">\n\n\t\t\t\n\t\t\t\t\t<\/div>\n\t\t\t\t\t\t\t\t<\/div>\n\t\t\t\t\t\t\t\t\t\t\t<div class=\"swiper-slide\" role=\"group\" aria-roledescription=\"slide\">\n\t\t\t\t\t\t\t\t\t<div class=\"elementor-carousel-image\" role=\"img\" aria-label=\"WhatsApp Image 2025-09-23 at 16.01.04_010991dd\" style=\"background-image: url(&#039;https:\/\/collairy.com\/wp-content\/uploads\/2025\/09\/WhatsApp-Image-2025-09-23-at-16.01.04_010991dd.jpg&#039;)\">\n\n\t\t\t\n\t\t\t\t\t<\/div>\n\t\t\t\t\t\t\t\t<\/div>\n\t\t\t\t\t\t\t\t\t<\/div>\n\t\t\t\t\t\t\t\t\t\t\t\t\t\t\t\t\t\t\t\t\t<\/div>\n\t\t\t\t\t\t\t\t<\/div>\n\t\t\t\t<\/div>\n\t\t<div class=\"elementor-element elementor-element-1423c354 e-con-full e-flex e-con e-child\" data-id=\"1423c354\" data-element_type=\"container\" data-e-type=\"container\">\n\t\t\t\t<div class=\"elementor-element elementor-element-2499b99e elementor-widget elementor-widget-heading\" data-id=\"2499b99e\" data-element_type=\"widget\" data-e-type=\"widget\" data-widget_type=\"heading.default\">\n\t\t\t\t\t<h2 class=\"elementor-heading-title elementor-size-default\">Benvenuti su Collairy<\/h2>\t\t\t\t<\/div>\n\t\t\t\t<div class=\"elementor-element elementor-element-719a04a3 elementor-widget elementor-widget-heading\" data-id=\"719a04a3\" data-element_type=\"widget\" data-e-type=\"widget\" data-widget_type=\"heading.default\">\n\t\t\t\t\t<h3 class=\"elementor-heading-title elementor-size-default\">-per amore del tuo cane<\/h3>\t\t\t\t<\/div>\n\t\t\t\t<\/div>\n\t\t\t\t\t<\/div>\n\t\t\t\t<\/div>\n\t\t\t\t<\/div>\n\t\t","protected":false},"excerpt":{"rendered":"<p>Vivo con la mia piccola banda: Mel Il mio fedele Dobermann, che fuori chiamo affettuosamente Mely. Charly Il mio vivace Weimaraner, con la sua testa e<span class=\"excerpt-hellip\"> [\u2026]<\/span><\/p>\n","protected":false},"author":5,"featured_media":0,"parent":0,"menu_order":0,"comment_status":"closed","ping_status":"closed","template":"elementor_header_footer","meta":{"footnotes":""},"class_list":["post-7904","page","type-page","status-publish","hentry"],"_links":{"self":[{"href":"https:\/\/collairy.com\/it\/wp-json\/wp\/v2\/pages\/7904","targetHints":{"allow":["GET"]}}],"collection":[{"href":"https:\/\/collairy.com\/it\/wp-json\/wp\/v2\/pages"}],"about":[{"href":"https:\/\/collairy.com\/it\/wp-json\/wp\/v2\/types\/page"}],"author":[{"embeddable":true,"href":"https:\/\/collairy.com\/it\/wp-json\/wp\/v2\/users\/5"}],"replies":[{"embeddable":true,"href":"https:\/\/collairy.com\/it\/wp-json\/wp\/v2\/comments?post=7904"}],"version-history":[{"count":1,"href":"https:\/\/collairy.com\/it\/wp-json\/wp\/v2\/pages\/7904\/revisions"}],"predecessor-version":[{"id":7914,"href":"https:\/\/collairy.com\/it\/wp-json\/wp\/v2\/pages\/7904\/revisions\/7914"}],"wp:attachment":[{"href":"https:\/\/collairy.com\/it\/wp-json\/wp\/v2\/media?parent=7904"}],"curies":[{"name":"wp","href":"https:\/\/api.w.org\/{rel}","templated":true}]}}