{"id":7915,"date":"2025-08-30T23:44:52","date_gmt":"2025-08-30T21:44:52","guid":{"rendered":"https:\/\/collairy.com\/fuinn\/"},"modified":"2025-11-18T14:07:52","modified_gmt":"2025-11-18T13:07:52","slug":"fuinn","status":"publish","type":"page","link":"https:\/\/collairy.com\/ga\/fuinn\/","title":{"rendered":"F\u00fainn"},"content":{"rendered":"\t\t<div data-elementor-type=\"wp-page\" data-elementor-id=\"7915\" class=\"elementor elementor-7915 elementor-5438\" data-elementor-post-type=\"page\">\n\t\t\t\t<div class=\"elementor-element elementor-element-5f6d112e e-flex e-con-boxed e-con e-parent\" data-id=\"5f6d112e\" data-element_type=\"container\" data-e-type=\"container\" data-settings=\"{&quot;background_background&quot;:&quot;classic&quot;}\">\n\t\t\t\t\t<div class=\"e-con-inner\">\n\t\t\t\t\t<\/div>\n\t\t\t\t<\/div>\n\t\t<div class=\"elementor-element elementor-element-154c56de e-flex e-con-boxed e-con e-parent\" data-id=\"154c56de\" data-element_type=\"container\" data-e-type=\"container\">\n\t\t\t\t\t<div class=\"e-con-inner\">\n\t\t\t\t<div class=\"elementor-element elementor-element-a14cbda elementor-widget elementor-widget-heading\" data-id=\"a14cbda\" data-element_type=\"widget\" data-e-type=\"widget\" data-widget_type=\"heading.default\">\n\t\t\t\t\t<h2 class=\"elementor-heading-title elementor-size-default\">T\u00e1im i mo ch\u00f3na\u00ed le mo bhu\u00edon bheag:\n<\/h2>\t\t\t\t<\/div>\n\t\t<div class=\"elementor-element elementor-element-16a74a58 e-con-full e-flex e-con e-child\" data-id=\"16a74a58\" data-element_type=\"container\" data-e-type=\"container\">\n\t\t<div class=\"elementor-element elementor-element-75c09708 e-con-full e-flex e-con e-child\" data-id=\"75c09708\" data-element_type=\"container\" data-e-type=\"container\">\n\t\t\t\t<div class=\"elementor-element elementor-element-1eed6e9f elementor-widget elementor-widget-image\" data-id=\"1eed6e9f\" data-element_type=\"widget\" data-e-type=\"widget\" data-widget_type=\"image.default\">\n\t\t\t\t\t\t\t\t\t\t\t\t\t\t\t<img loading=\"lazy\" decoding=\"async\" width=\"300\" height=\"300\" src=\"https:\/\/collairy.com\/wp-content\/uploads\/2025\/08\/Mel-Pic.png\" class=\"attachment-large size-large wp-image-7918\" alt=\"\" srcset=\"https:\/\/collairy.com\/wp-content\/uploads\/2025\/08\/Mel-Pic.png 300w, https:\/\/collairy.com\/wp-content\/uploads\/2025\/08\/Mel-Pic-100x100.png 100w, https:\/\/collairy.com\/wp-content\/uploads\/2025\/08\/Mel-Pic-150x150.png 150w\" sizes=\"auto, (max-width:767px) 300px, 300px\" \/>\t\t\t\t\t\t\t\t\t\t\t\t\t\t\t<\/div>\n\t\t\t\t<div class=\"elementor-element elementor-element-1242986b elementor-widget elementor-widget-heading\" data-id=\"1242986b\" data-element_type=\"widget\" data-e-type=\"widget\" data-widget_type=\"heading.default\">\n\t\t\t\t\t<h3 class=\"elementor-heading-title elementor-size-default\">Mel<\/h3>\t\t\t\t<\/div>\n\t\t\t\t<div class=\"elementor-element elementor-element-1cbd71c8 elementor-widget elementor-widget-text-editor\" data-id=\"1cbd71c8\" data-element_type=\"widget\" data-e-type=\"widget\" data-widget_type=\"text-editor.default\">\n\t\t\t\t\t\t\t\t\t<p>Mo Dobermann d\u00edlis, a dtugaim Mely air go gr\u00e1mhar amuigh.<\/p>\t\t\t\t\t\t\t\t<\/div>\n\t\t\t\t<\/div>\n\t\t<div class=\"elementor-element elementor-element-aa6428a e-con-full e-flex e-con e-child\" data-id=\"aa6428a\" data-element_type=\"container\" data-e-type=\"container\">\n\t\t\t\t<div class=\"elementor-element elementor-element-2f60df7f elementor-widget elementor-widget-image\" data-id=\"2f60df7f\" data-element_type=\"widget\" data-e-type=\"widget\" data-widget_type=\"image.default\">\n\t\t\t\t\t\t\t\t\t\t\t\t\t\t\t<img loading=\"lazy\" decoding=\"async\" width=\"300\" height=\"300\" src=\"https:\/\/collairy.com\/wp-content\/uploads\/2025\/08\/Charly.png\" class=\"attachment-large size-large wp-image-7919\" alt=\"\" srcset=\"https:\/\/collairy.com\/wp-content\/uploads\/2025\/08\/Charly.png 300w, https:\/\/collairy.com\/wp-content\/uploads\/2025\/08\/Charly-100x100.png 100w, https:\/\/collairy.com\/wp-content\/uploads\/2025\/08\/Charly-150x150.png 150w\" sizes=\"auto, (max-width:767px) 300px, 300px\" \/>\t\t\t\t\t\t\t\t\t\t\t\t\t\t\t<\/div>\n\t\t\t\t<div class=\"elementor-element elementor-element-3a568325 elementor-widget elementor-widget-heading\" data-id=\"3a568325\" data-element_type=\"widget\" data-e-type=\"widget\" data-widget_type=\"heading.default\">\n\t\t\t\t\t<h3 class=\"elementor-heading-title elementor-size-default\">Charly<\/h3>\t\t\t\t<\/div>\n\t\t\t\t<div class=\"elementor-element elementor-element-32280167 elementor-widget elementor-widget-text-editor\" data-id=\"32280167\" data-element_type=\"widget\" data-e-type=\"widget\" data-widget_type=\"text-editor.default\">\n\t\t\t\t\t\t\t\t\tMo Weimaraner br\u00edomhar le intinn f\u00e9in agus cro\u00ed m\u00f3r. Is bre\u00e1 leis si\u00fal\u00f3id\u00ed fada, gean gan teorainn agus b\u00edonn a phlean f\u00e9in aige i gc\u00f3na\u00ed \u2013 ach is \u00e9 sin go d\u00edreach a fh\u00e1gann chomh speisialta \u00e9. \t\t\t\t\t\t\t\t<\/div>\n\t\t\t\t<\/div>\n\t\t<div class=\"elementor-element elementor-element-ff9c96d e-con-full e-flex e-con e-child\" data-id=\"ff9c96d\" data-element_type=\"container\" data-e-type=\"container\">\n\t\t\t\t<div class=\"elementor-element elementor-element-2edc11c elementor-widget elementor-widget-image\" data-id=\"2edc11c\" data-element_type=\"widget\" data-e-type=\"widget\" data-widget_type=\"image.default\">\n\t\t\t\t\t\t\t\t\t\t\t\t\t\t\t<img loading=\"lazy\" decoding=\"async\" width=\"300\" height=\"300\" src=\"https:\/\/collairy.com\/wp-content\/uploads\/2025\/08\/Kalea.png\" class=\"attachment-large size-large wp-image-7920\" alt=\"\" srcset=\"https:\/\/collairy.com\/wp-content\/uploads\/2025\/08\/Kalea.png 300w, https:\/\/collairy.com\/wp-content\/uploads\/2025\/08\/Kalea-100x100.png 100w, https:\/\/collairy.com\/wp-content\/uploads\/2025\/08\/Kalea-150x150.png 150w\" sizes=\"auto, (max-width:767px) 300px, 300px\" \/>\t\t\t\t\t\t\t\t\t\t\t\t\t\t\t<\/div>\n\t\t\t\t<div class=\"elementor-element elementor-element-2940654f elementor-widget elementor-widget-heading\" data-id=\"2940654f\" data-element_type=\"widget\" data-e-type=\"widget\" data-widget_type=\"heading.default\">\n\t\t\t\t\t<h3 class=\"elementor-heading-title elementor-size-default\">Kalea<\/h3>\t\t\t\t<\/div>\n\t\t\t\t<div class=\"elementor-element elementor-element-8e8c6ce elementor-widget elementor-widget-text-editor\" data-id=\"8e8c6ce\" data-element_type=\"widget\" data-e-type=\"widget\" data-widget_type=\"text-editor.default\">\n\t\t\t\t\t\t\t\t\tMadra sr\u00e1ide a bh\u00ed ann roimhe seo, a fuair a h\u00e1it bhuan in\u00e1r dtr\u00e9ad le go leor foighne agus gr\u00e1.\t\t\t\t\t\t\t\t<\/div>\n\t\t\t\t<\/div>\n\t\t\t\t<\/div>\n\t\t\t\t\t<\/div>\n\t\t\t\t<\/div>\n\t\t<div class=\"elementor-element elementor-element-3a120958 e-flex e-con-boxed e-con e-parent\" data-id=\"3a120958\" data-element_type=\"container\" data-e-type=\"container\">\n\t\t\t\t\t<div class=\"e-con-inner\">\n\t\t<div class=\"elementor-element elementor-element-1b2016de e-con-full e-flex e-con e-child\" data-id=\"1b2016de\" data-element_type=\"container\" data-e-type=\"container\">\n\t\t\t\t<div class=\"elementor-element elementor-element-4f45e7fa elementor-widget elementor-widget-heading\" data-id=\"4f45e7fa\" data-element_type=\"widget\" data-e-type=\"widget\" data-widget_type=\"heading.default\">\n\t\t\t\t\t<h2 class=\"elementor-heading-title elementor-size-default\">Tr\u00ed mhadra. Tr\u00ed phearsantacht. Agus saol laeth\u00fail at\u00e1 gach rud\n\u2013 ach n\u00ed h\u00e9asca.  <\/h2>\t\t\t\t<\/div>\n\t\t\t\t<\/div>\n\t\t\t\t\t<\/div>\n\t\t\t\t<\/div>\n\t\t<div class=\"elementor-element elementor-element-34c473b e-flex e-con-boxed e-con e-parent\" data-id=\"34c473b\" data-element_type=\"container\" data-e-type=\"container\">\n\t\t\t\t\t<div class=\"e-con-inner\">\n\t\t<div class=\"elementor-element elementor-element-36cb0e15 e-con-full e-flex e-con e-child\" data-id=\"36cb0e15\" data-element_type=\"container\" data-e-type=\"container\">\n\t\t\t\t<div class=\"elementor-element elementor-element-6ce3bd82 elementor-widget elementor-widget-text-editor\" data-id=\"6ce3bd82\" data-element_type=\"widget\" data-e-type=\"widget\" data-widget_type=\"text-editor.default\">\n\t\t\t\t\t\t\t\t\t<p>Aon duine a rinne iarracht riamh tr\u00ed mhadra a ullmh\u00fa le dul amach ag an am c\u00e9anna, t\u00e1 a fhios acu anord: iallacha, coil\u00e9ir, AirTag, mod\u00fal solais, clib madra\u2026 Agus gach uair \u2013 gach uair amh\u00e1in \u2013 bh\u00ed rud \u00e9igin in easnamh ar cheann acu. Uaireanta an solas, uaireanta an rianaitheoir GPS, uaireanta an chlib \u00e9igeand\u00e1la. Go minic ba \u00e9 an ceann a bh\u00ed ag scr\u00edobadh go m\u00edfhoighneach ag an doras. Ag pointe \u00e9igin sh\u00edl m\u00e9 liom f\u00e9in:   <br><strong>C\u00e9n f\u00e1th nach bhfuil coil\u00e9ar ann a fh\u00e9adann gach rud a dh\u00e9anamh<br>\u2013 agus a bhfuil cuma mhaith air f\u00f3s?<\/strong><\/p>\t\t\t\t\t\t\t\t<\/div>\n\t\t\t\t<div class=\"elementor-element elementor-element-31ecbfad elementor-position-left elementor-vertical-align-middle elementor-widget elementor-widget-image-box\" data-id=\"31ecbfad\" data-element_type=\"widget\" data-e-type=\"widget\" data-widget_type=\"image-box.default\">\n\t\t\t\t\t<div class=\"elementor-image-box-wrapper\"><figure class=\"elementor-image-box-img\"><img loading=\"lazy\" decoding=\"async\" width=\"500\" height=\"500\" src=\"https:\/\/collairy.com\/wp-content\/uploads\/2025\/06\/Emily-neu.png\" class=\"attachment-full size-full wp-image-7921\" alt=\"\" srcset=\"https:\/\/collairy.com\/wp-content\/uploads\/2025\/06\/Emily-neu.png 500w, https:\/\/collairy.com\/wp-content\/uploads\/2025\/06\/Emily-neu-100x100.png 100w, https:\/\/collairy.com\/wp-content\/uploads\/2025\/06\/Emily-neu-300x300.png 300w, https:\/\/collairy.com\/wp-content\/uploads\/2025\/06\/Emily-neu-150x150.png 150w\" sizes=\"auto, (max-width:767px) 480px, 500px\" \/><\/figure><div class=\"elementor-image-box-content\"><h3 class=\"elementor-image-box-title\">Emily<\/h3><p class=\"elementor-image-box-description\">Cine\u00e1l Boss - Pr\u00edomhfheidhmeannach an Anord\n<\/p><\/div><\/div>\t\t\t\t<\/div>\n\t\t\t\t<\/div>\n\t\t<div class=\"elementor-element elementor-element-1c7aecd6 e-con-full e-flex e-con e-child\" data-id=\"1c7aecd6\" data-element_type=\"container\" data-e-type=\"container\">\n\t\t\t\t<div class=\"elementor-element elementor-element-65d526a7 elementor-widget elementor-widget-image\" data-id=\"65d526a7\" data-element_type=\"widget\" data-e-type=\"widget\" data-widget_type=\"image.default\">\n\t\t\t\t\t\t\t\t\t\t\t\t\t\t\t<img loading=\"lazy\" decoding=\"async\" width=\"601\" height=\"769\" src=\"https:\/\/collairy.com\/wp-content\/uploads\/2025\/08\/Untitled-design.png\" class=\"attachment-large size-large wp-image-7922\" alt=\"\" srcset=\"https:\/\/collairy.com\/wp-content\/uploads\/2025\/08\/Untitled-design.png 601w, https:\/\/collairy.com\/wp-content\/uploads\/2025\/08\/Untitled-design-234x300.png 234w, https:\/\/collairy.com\/wp-content\/uploads\/2025\/08\/Untitled-design-555x710.png 555w\" sizes=\"auto, (max-width:767px) 480px, 601px\" \/>\t\t\t\t\t\t\t\t\t\t\t\t\t\t\t<\/div>\n\t\t\t\t<\/div>\n\t\t\t\t\t<\/div>\n\t\t\t\t<\/div>\n\t\t<div class=\"elementor-element elementor-element-35a4cd84 e-flex e-con-boxed e-con e-parent\" data-id=\"35a4cd84\" data-element_type=\"container\" data-e-type=\"container\">\n\t\t\t\t\t<div class=\"e-con-inner\">\n\t\t<div class=\"elementor-element elementor-element-3fafb3e4 e-con-full e-flex e-con e-child\" data-id=\"3fafb3e4\" data-element_type=\"container\" data-e-type=\"container\">\n\t\t\t\t<div class=\"elementor-element elementor-element-6ac3508 elementor-widget elementor-widget-heading\" data-id=\"6ac3508\" data-element_type=\"widget\" data-e-type=\"widget\" data-widget_type=\"heading.default\">\n\t\t\t\t\t<h2 class=\"elementor-heading-title elementor-size-default\">Mar sin a rugadh Collairy<\/h2>\t\t\t\t<\/div>\n\t\t\t\t<\/div>\n\t\t\t\t\t<\/div>\n\t\t\t\t<\/div>\n\t\t<div class=\"elementor-element elementor-element-5b337b98 e-flex e-con-boxed e-con e-parent\" data-id=\"5b337b98\" data-element_type=\"container\" data-e-type=\"container\">\n\t\t\t\t\t<div class=\"e-con-inner\">\n\t\t<div class=\"elementor-element elementor-element-22ac4aa5 e-con-full e-flex e-con e-child\" data-id=\"22ac4aa5\" data-element_type=\"container\" data-e-type=\"container\">\n\t\t\t\t<div class=\"elementor-element elementor-element-fb1a100 elementor-widget elementor-widget-image\" data-id=\"fb1a100\" data-element_type=\"widget\" data-e-type=\"widget\" data-widget_type=\"image.default\">\n\t\t\t\t\t\t\t\t\t\t\t\t\t\t\t<img loading=\"lazy\" decoding=\"async\" width=\"800\" height=\"1200\" src=\"https:\/\/collairy.com\/wp-content\/uploads\/2025\/09\/Image-800x1200.png\" class=\"attachment-large size-large wp-image-7916\" alt=\"\" srcset=\"https:\/\/collairy.com\/wp-content\/uploads\/2025\/09\/Image-800x1200.png 800w, https:\/\/collairy.com\/wp-content\/uploads\/2025\/09\/Image-333x500.png 333w, https:\/\/collairy.com\/wp-content\/uploads\/2025\/09\/Image-200x300.png 200w, https:\/\/collairy.com\/wp-content\/uploads\/2025\/09\/Image-768x1152.png 768w, https:\/\/collairy.com\/wp-content\/uploads\/2025\/09\/Image-50x75.png 50w, https:\/\/collairy.com\/wp-content\/uploads\/2025\/09\/Image-480x720.png 480w\" sizes=\"auto, (max-width:767px) 480px, (max-width:800px) 100vw, 800px\" \/>\t\t\t\t\t\t\t\t\t\t\t\t\t\t\t<\/div>\n\t\t\t\t<\/div>\n\t\t<div class=\"elementor-element elementor-element-2c6ea1d3 e-con-full e-flex e-con e-child\" data-id=\"2c6ea1d3\" data-element_type=\"container\" data-e-type=\"container\">\n\t\t\t\t<div class=\"elementor-element elementor-element-27c9e5e8 elementor-widget elementor-widget-text-editor\" data-id=\"27c9e5e8\" data-element_type=\"widget\" data-e-type=\"widget\" data-widget_type=\"text-editor.default\">\n\t\t\t\t\t\t\t\t\t<p>C\u00f3ras coil\u00e9ir mod\u00falach, maighn\u00e9adach at\u00e1 n\u00ed amh\u00e1in praitici\u00fail ach stylish freisin.<br>Le mod\u00fail inmhalartaithe le haghaidh rianaithe, solais, aisghlao n\u00f3 eolais leighis agus iall is f\u00e9idir a oibri\u00fa le l\u00e1mh amh\u00e1in.<br><strong>Agus an chuid is fearr? A bhu\u00ed leis an nasc maighn\u00e9adach, t\u00e1 gach rud ceangailte go tapa: clice\u00e1il, clice\u00e1il, clice\u00e1il \u2013 agus t\u00e1 tr\u00ed mhod\u00fal suite go daingean ar an gcoil\u00e9ar cheana f\u00e9in.<\/strong><\/p><p>Sturdy. Machnamhach. Agus \u00e1lainn go leor le taispe\u00e1int.  <\/p><p>Theastaigh uaim rud \u00e9igin a chruth\u00fa a dh\u00e9anfadh ceartas d\u00e1r saol laeth\u00fail \u2013<br>agus do na madra\u00ed a l\u00edonann le beatha \u00e9.<br>Coil\u00e9ar a oiri\u00fan\u00fa:<br>Do ch\u00e1sanna \u00e9ags\u00fala. Do mhadra\u00ed \u00e9ags\u00fala.<br>Agus don ghr\u00e1 a mhotha\u00edmid d\u00f3ibh gach l\u00e1. <\/p><p><strong>Collairy by Emily<\/strong> seasann s\u00e9 do ghaireacht, muin\u00edn \u2013<br>agus don \u00e1thas a bhaineann le dul tr\u00edd an saol le madra\u00ed.<\/p>\t\t\t\t\t\t\t\t<\/div>\n\t\t\t\t<\/div>\n\t\t\t\t\t<\/div>\n\t\t\t\t<\/div>\n\t\t<div class=\"elementor-element elementor-element-16be28b8 e-flex e-con-boxed e-con e-parent\" data-id=\"16be28b8\" data-element_type=\"container\" data-e-type=\"container\" data-settings=\"{&quot;background_background&quot;:&quot;classic&quot;}\">\n\t\t\t\t\t<div class=\"e-con-inner\">\n\t\t<div class=\"elementor-element elementor-element-29cb55e1 e-con-full e-flex e-con e-child\" data-id=\"29cb55e1\" data-element_type=\"container\" data-e-type=\"container\">\n\t\t\t\t<div class=\"elementor-element elementor-element-717de09f elementor-widget elementor-widget-heading\" data-id=\"717de09f\" data-element_type=\"widget\" data-e-type=\"widget\" data-widget_type=\"heading.default\">\n\t\t\t\t\t<h2 class=\"elementor-heading-title elementor-size-default\">Collairy by Emily<\/h2>\t\t\t\t<\/div>\n\t\t\t\t<div class=\"elementor-element elementor-element-12d524a3 elementor-widget elementor-widget-heading\" data-id=\"12d524a3\" data-element_type=\"widget\" data-e-type=\"widget\" data-widget_type=\"heading.default\">\n\t\t\t\t\t<h3 class=\"elementor-heading-title elementor-size-default\">seasann s\u00e9 do ghaireacht, muin\u00edn \u2013 agus don \u00e1thas a bhaineann le dul tr\u00edd an saol le madra\u00ed.<\/h3>\t\t\t\t<\/div>\n\t\t\t\t<\/div>\n\t\t<div class=\"elementor-element elementor-element-4d6264fe e-con-full e-flex e-con e-child\" data-id=\"4d6264fe\" data-element_type=\"container\" data-e-type=\"container\">\n\t\t\t\t<div class=\"elementor-element elementor-element-b1abf9a elementor-skin-carousel elementor-widget elementor-widget-media-carousel\" data-id=\"b1abf9a\" data-element_type=\"widget\" data-e-type=\"widget\" data-settings=\"{&quot;slides_per_view&quot;:&quot;1&quot;,&quot;slides_per_view_laptop&quot;:&quot;1&quot;,&quot;slides_per_view_tablet&quot;:&quot;1&quot;,&quot;slides_to_scroll&quot;:&quot;1&quot;,&quot;slides_to_scroll_laptop&quot;:&quot;1&quot;,&quot;slides_to_scroll_tablet&quot;:&quot;1&quot;,&quot;skin&quot;:&quot;carousel&quot;,&quot;effect&quot;:&quot;slide&quot;,&quot;speed&quot;:500,&quot;autoplay&quot;:&quot;yes&quot;,&quot;autoplay_speed&quot;:5000,&quot;loop&quot;:&quot;yes&quot;,&quot;pause_on_hover&quot;:&quot;yes&quot;,&quot;pause_on_interaction&quot;:&quot;yes&quot;,&quot;space_between&quot;:{&quot;unit&quot;:&quot;px&quot;,&quot;size&quot;:10,&quot;sizes&quot;:[]},&quot;space_between_laptop&quot;:{&quot;unit&quot;:&quot;px&quot;,&quot;size&quot;:10,&quot;sizes&quot;:[]},&quot;space_between_tablet&quot;:{&quot;unit&quot;:&quot;px&quot;,&quot;size&quot;:10,&quot;sizes&quot;:[]},&quot;space_between_mobile&quot;:{&quot;unit&quot;:&quot;px&quot;,&quot;size&quot;:10,&quot;sizes&quot;:[]}}\" data-widget_type=\"media-carousel.default\">\n\t\t\t\t\t\t\t\t\t\t<div class=\"elementor-main-swiper swiper\" role=\"region\" aria-roledescription=\"carousel\" aria-label=\"Slider\">\n\t\t\t\t<div class=\"swiper-wrapper\">\n\t\t\t\t\t\t\t\t\t\t\t<div class=\"swiper-slide\" role=\"group\" aria-roledescription=\"slide\">\n\t\t\t\t\t\t\t\t\t<div class=\"elementor-carousel-image\" role=\"img\" aria-label=\"WhatsApp Image 2025-09-23 ag 16.01.04_05376c13\" style=\"background-image: url(&#039;https:\/\/collairy.com\/wp-content\/uploads\/2025\/09\/WhatsApp-Image-2025-09-23-at-16.01.04_05376c13.jpg&#039;)\">\n\n\t\t\t\n\t\t\t\t\t<\/div>\n\t\t\t\t\t\t\t\t<\/div>\n\t\t\t\t\t\t\t\t\t\t\t<div class=\"swiper-slide\" role=\"group\" aria-roledescription=\"slide\">\n\t\t\t\t\t\t\t\t\t<div class=\"elementor-carousel-image\" role=\"img\" aria-label=\"WhatsApp Image 2025-09-23 ag 16.01.04_010991dd\" style=\"background-image: url(&#039;https:\/\/collairy.com\/wp-content\/uploads\/2025\/09\/WhatsApp-Image-2025-09-23-at-16.01.04_010991dd.jpg&#039;)\">\n\n\t\t\t\n\t\t\t\t\t<\/div>\n\t\t\t\t\t\t\t\t<\/div>\n\t\t\t\t\t\t\t\t\t<\/div>\n\t\t\t\t\t\t\t\t\t\t\t\t\t\t\t\t\t\t\t\t\t<\/div>\n\t\t\t\t\t\t\t\t<\/div>\n\t\t\t\t<\/div>\n\t\t<div class=\"elementor-element elementor-element-1423c354 e-con-full e-flex e-con e-child\" data-id=\"1423c354\" data-element_type=\"container\" data-e-type=\"container\">\n\t\t\t\t<div class=\"elementor-element elementor-element-2499b99e elementor-widget elementor-widget-heading\" data-id=\"2499b99e\" data-element_type=\"widget\" data-e-type=\"widget\" data-widget_type=\"heading.default\">\n\t\t\t\t\t<h2 class=\"elementor-heading-title elementor-size-default\">F\u00e1ilte chuig Collairy<\/h2>\t\t\t\t<\/div>\n\t\t\t\t<div class=\"elementor-element elementor-element-719a04a3 elementor-widget elementor-widget-heading\" data-id=\"719a04a3\" data-element_type=\"widget\" data-e-type=\"widget\" data-widget_type=\"heading.default\">\n\t\t\t\t\t<h3 class=\"elementor-heading-title elementor-size-default\">-ar ghr\u00e1 do mhadra<\/h3>\t\t\t\t<\/div>\n\t\t\t\t<\/div>\n\t\t\t\t\t<\/div>\n\t\t\t\t<\/div>\n\t\t\t\t<\/div>\n\t\t","protected":false},"excerpt":{"rendered":"<p>T\u00e1im i mo ch\u00f3na\u00ed le mo bhu\u00edon bheag: Mel Mo Dobermann d\u00edlis, a dtugaim Mely air go gr\u00e1mhar amuigh. Charly Mo Weimaraner br\u00edomhar le intinn f\u00e9in<span class=\"excerpt-hellip\"> [\u2026]<\/span><\/p>\n","protected":false},"author":5,"featured_media":0,"parent":0,"menu_order":0,"comment_status":"closed","ping_status":"closed","template":"elementor_header_footer","meta":{"footnotes":""},"class_list":["post-7915","page","type-page","status-publish","hentry"],"_links":{"self":[{"href":"https:\/\/collairy.com\/ga\/wp-json\/wp\/v2\/pages\/7915","targetHints":{"allow":["GET"]}}],"collection":[{"href":"https:\/\/collairy.com\/ga\/wp-json\/wp\/v2\/pages"}],"about":[{"href":"https:\/\/collairy.com\/ga\/wp-json\/wp\/v2\/types\/page"}],"author":[{"embeddable":true,"href":"https:\/\/collairy.com\/ga\/wp-json\/wp\/v2\/users\/5"}],"replies":[{"embeddable":true,"href":"https:\/\/collairy.com\/ga\/wp-json\/wp\/v2\/comments?post=7915"}],"version-history":[{"count":1,"href":"https:\/\/collairy.com\/ga\/wp-json\/wp\/v2\/pages\/7915\/revisions"}],"predecessor-version":[{"id":7925,"href":"https:\/\/collairy.com\/ga\/wp-json\/wp\/v2\/pages\/7915\/revisions\/7925"}],"wp:attachment":[{"href":"https:\/\/collairy.com\/ga\/wp-json\/wp\/v2\/media?parent=7915"}],"curies":[{"name":"wp","href":"https:\/\/api.w.org\/{rel}","templated":true}]}}