{"id":7926,"date":"2025-08-30T23:44:52","date_gmt":"2025-08-30T21:44:52","guid":{"rendered":"https:\/\/collairy.com\/a-propos-de-nous\/"},"modified":"2025-11-18T14:07:58","modified_gmt":"2025-11-18T13:07:58","slug":"a-propos-de-nous","status":"publish","type":"page","link":"https:\/\/collairy.com\/fr\/a-propos-de-nous\/","title":{"rendered":"\u00c0 propos de nous"},"content":{"rendered":"\t\t<div data-elementor-type=\"wp-page\" data-elementor-id=\"7926\" class=\"elementor elementor-7926 elementor-5438\" data-elementor-post-type=\"page\">\n\t\t\t\t<div class=\"elementor-element elementor-element-5f6d112e e-flex e-con-boxed e-con e-parent\" data-id=\"5f6d112e\" data-element_type=\"container\" data-e-type=\"container\" data-settings=\"{&quot;background_background&quot;:&quot;classic&quot;}\">\n\t\t\t\t\t<div class=\"e-con-inner\">\n\t\t\t\t\t<\/div>\n\t\t\t\t<\/div>\n\t\t<div class=\"elementor-element elementor-element-154c56de e-flex e-con-boxed e-con e-parent\" data-id=\"154c56de\" data-element_type=\"container\" data-e-type=\"container\">\n\t\t\t\t\t<div class=\"e-con-inner\">\n\t\t\t\t<div class=\"elementor-element elementor-element-a14cbda elementor-widget elementor-widget-heading\" data-id=\"a14cbda\" data-element_type=\"widget\" data-e-type=\"widget\" data-widget_type=\"heading.default\">\n\t\t\t\t\t<h2 class=\"elementor-heading-title elementor-size-default\">Je vis avec ma petite bande :\n<\/h2>\t\t\t\t<\/div>\n\t\t<div class=\"elementor-element elementor-element-16a74a58 e-con-full e-flex e-con e-child\" data-id=\"16a74a58\" data-element_type=\"container\" data-e-type=\"container\">\n\t\t<div class=\"elementor-element elementor-element-75c09708 e-con-full e-flex e-con e-child\" data-id=\"75c09708\" data-element_type=\"container\" data-e-type=\"container\">\n\t\t\t\t<div class=\"elementor-element elementor-element-1eed6e9f elementor-widget elementor-widget-image\" data-id=\"1eed6e9f\" data-element_type=\"widget\" data-e-type=\"widget\" data-widget_type=\"image.default\">\n\t\t\t\t\t\t\t\t\t\t\t\t\t\t\t<img loading=\"lazy\" decoding=\"async\" width=\"300\" height=\"300\" src=\"https:\/\/collairy.com\/wp-content\/uploads\/2025\/08\/Mel-Pic.png\" class=\"attachment-large size-large wp-image-7929\" alt=\"\" srcset=\"https:\/\/collairy.com\/wp-content\/uploads\/2025\/08\/Mel-Pic.png 300w, https:\/\/collairy.com\/wp-content\/uploads\/2025\/08\/Mel-Pic-100x100.png 100w, https:\/\/collairy.com\/wp-content\/uploads\/2025\/08\/Mel-Pic-150x150.png 150w\" sizes=\"auto, (max-width:767px) 300px, 300px\" \/>\t\t\t\t\t\t\t\t\t\t\t\t\t\t\t<\/div>\n\t\t\t\t<div class=\"elementor-element elementor-element-1242986b elementor-widget elementor-widget-heading\" data-id=\"1242986b\" data-element_type=\"widget\" data-e-type=\"widget\" data-widget_type=\"heading.default\">\n\t\t\t\t\t<h3 class=\"elementor-heading-title elementor-size-default\">Mel<\/h3>\t\t\t\t<\/div>\n\t\t\t\t<div class=\"elementor-element elementor-element-1cbd71c8 elementor-widget elementor-widget-text-editor\" data-id=\"1cbd71c8\" data-element_type=\"widget\" data-e-type=\"widget\" data-widget_type=\"text-editor.default\">\n\t\t\t\t\t\t\t\t\t<p>Mon fid\u00e8le dobermann, que j&rsquo;appelle affectueusement Mely dehors.<\/p>\t\t\t\t\t\t\t\t<\/div>\n\t\t\t\t<\/div>\n\t\t<div class=\"elementor-element elementor-element-aa6428a e-con-full e-flex e-con e-child\" data-id=\"aa6428a\" data-element_type=\"container\" data-e-type=\"container\">\n\t\t\t\t<div class=\"elementor-element elementor-element-2f60df7f elementor-widget elementor-widget-image\" data-id=\"2f60df7f\" data-element_type=\"widget\" data-e-type=\"widget\" data-widget_type=\"image.default\">\n\t\t\t\t\t\t\t\t\t\t\t\t\t\t\t<img loading=\"lazy\" decoding=\"async\" width=\"300\" height=\"300\" src=\"https:\/\/collairy.com\/wp-content\/uploads\/2025\/08\/Charly.png\" class=\"attachment-large size-large wp-image-7930\" alt=\"\" srcset=\"https:\/\/collairy.com\/wp-content\/uploads\/2025\/08\/Charly.png 300w, https:\/\/collairy.com\/wp-content\/uploads\/2025\/08\/Charly-100x100.png 100w, https:\/\/collairy.com\/wp-content\/uploads\/2025\/08\/Charly-150x150.png 150w\" sizes=\"auto, (max-width:767px) 300px, 300px\" \/>\t\t\t\t\t\t\t\t\t\t\t\t\t\t\t<\/div>\n\t\t\t\t<div class=\"elementor-element elementor-element-3a568325 elementor-widget elementor-widget-heading\" data-id=\"3a568325\" data-element_type=\"widget\" data-e-type=\"widget\" data-widget_type=\"heading.default\">\n\t\t\t\t\t<h3 class=\"elementor-heading-title elementor-size-default\">Charly<\/h3>\t\t\t\t<\/div>\n\t\t\t\t<div class=\"elementor-element elementor-element-32280167 elementor-widget elementor-widget-text-editor\" data-id=\"32280167\" data-element_type=\"widget\" data-e-type=\"widget\" data-widget_type=\"text-editor.default\">\n\t\t\t\t\t\t\t\t\tMon weimaraner \u00e9veill\u00e9 avec sa propre t\u00eate et un grand c\u0153ur. Il adore les longues promenades, les c\u00e2lins interminables et a toujours son propre plan \u2013 mais c&rsquo;est pr\u00e9cis\u00e9ment ce qui le rend si sp\u00e9cial. \t\t\t\t\t\t\t\t<\/div>\n\t\t\t\t<\/div>\n\t\t<div class=\"elementor-element elementor-element-ff9c96d e-con-full e-flex e-con e-child\" data-id=\"ff9c96d\" data-element_type=\"container\" data-e-type=\"container\">\n\t\t\t\t<div class=\"elementor-element elementor-element-2edc11c elementor-widget elementor-widget-image\" data-id=\"2edc11c\" data-element_type=\"widget\" data-e-type=\"widget\" data-widget_type=\"image.default\">\n\t\t\t\t\t\t\t\t\t\t\t\t\t\t\t<img loading=\"lazy\" decoding=\"async\" width=\"300\" height=\"300\" src=\"https:\/\/collairy.com\/wp-content\/uploads\/2025\/08\/Kalea.png\" class=\"attachment-large size-large wp-image-7931\" alt=\"\" srcset=\"https:\/\/collairy.com\/wp-content\/uploads\/2025\/08\/Kalea.png 300w, https:\/\/collairy.com\/wp-content\/uploads\/2025\/08\/Kalea-100x100.png 100w, https:\/\/collairy.com\/wp-content\/uploads\/2025\/08\/Kalea-150x150.png 150w\" sizes=\"auto, (max-width:767px) 300px, 300px\" \/>\t\t\t\t\t\t\t\t\t\t\t\t\t\t\t<\/div>\n\t\t\t\t<div class=\"elementor-element elementor-element-2940654f elementor-widget elementor-widget-heading\" data-id=\"2940654f\" data-element_type=\"widget\" data-e-type=\"widget\" data-widget_type=\"heading.default\">\n\t\t\t\t\t<h3 class=\"elementor-heading-title elementor-size-default\">Kalea<\/h3>\t\t\t\t<\/div>\n\t\t\t\t<div class=\"elementor-element elementor-element-8e8c6ce elementor-widget elementor-widget-text-editor\" data-id=\"8e8c6ce\" data-element_type=\"widget\" data-e-type=\"widget\" data-widget_type=\"text-editor.default\">\n\t\t\t\t\t\t\t\t\tUne ancienne chienne des rues qui, avec beaucoup de patience et d&rsquo;amour, a trouv\u00e9 sa place dans notre meute\t\t\t\t\t\t\t\t<\/div>\n\t\t\t\t<\/div>\n\t\t\t\t<\/div>\n\t\t\t\t\t<\/div>\n\t\t\t\t<\/div>\n\t\t<div class=\"elementor-element elementor-element-3a120958 e-flex e-con-boxed e-con e-parent\" data-id=\"3a120958\" data-element_type=\"container\" data-e-type=\"container\">\n\t\t\t\t\t<div class=\"e-con-inner\">\n\t\t<div class=\"elementor-element elementor-element-1b2016de e-con-full e-flex e-con e-child\" data-id=\"1b2016de\" data-element_type=\"container\" data-e-type=\"container\">\n\t\t\t\t<div class=\"elementor-element elementor-element-4f45e7fa elementor-widget elementor-widget-heading\" data-id=\"4f45e7fa\" data-element_type=\"widget\" data-e-type=\"widget\" data-widget_type=\"heading.default\">\n\t\t\t\t\t<h2 class=\"elementor-heading-title elementor-size-default\">Trois chiens. Trois personnalit\u00e9s. Et un quotidien qui est tout\n\u2013 sauf simple.  <\/h2>\t\t\t\t<\/div>\n\t\t\t\t<\/div>\n\t\t\t\t\t<\/div>\n\t\t\t\t<\/div>\n\t\t<div class=\"elementor-element elementor-element-34c473b e-flex e-con-boxed e-con e-parent\" data-id=\"34c473b\" data-element_type=\"container\" data-e-type=\"container\">\n\t\t\t\t\t<div class=\"e-con-inner\">\n\t\t<div class=\"elementor-element elementor-element-36cb0e15 e-con-full e-flex e-con e-child\" data-id=\"36cb0e15\" data-element_type=\"container\" data-e-type=\"container\">\n\t\t\t\t<div class=\"elementor-element elementor-element-6ce3bd82 elementor-widget elementor-widget-text-editor\" data-id=\"6ce3bd82\" data-element_type=\"widget\" data-e-type=\"widget\" data-widget_type=\"text-editor.default\">\n\t\t\t\t\t\t\t\t\t<p>Quiconque a d\u00e9j\u00e0 essay\u00e9 de pr\u00e9parer trois chiens en m\u00eame temps conna\u00eet le chaos : laisses, colliers, AirTag, module lumineux, m\u00e9daille pour chien\u2026 Et \u00e0 chaque fois \u2013 vraiment \u00e0 chaque fois \u2013 il manquait quelque chose \u00e0 l&rsquo;un d&rsquo;eux. Tant\u00f4t la lumi\u00e8re, tant\u00f4t le traceur GPS, tant\u00f4t la m\u00e9daille d&rsquo;urgence. Souvent, c&rsquo;\u00e9tait celui qui grattait d\u00e9j\u00e0 impatiemment \u00e0 la porte. \u00c0 un moment donn\u00e9, je me suis dit :   <br><strong>Pourquoi n&rsquo;existe-t-il pas un collier qui puisse tout faire<br>\u2013 tout en \u00e9tant beau ?<\/strong><\/p>\t\t\t\t\t\t\t\t<\/div>\n\t\t\t\t<div class=\"elementor-element elementor-element-31ecbfad elementor-position-left elementor-vertical-align-middle elementor-widget elementor-widget-image-box\" data-id=\"31ecbfad\" data-element_type=\"widget\" data-e-type=\"widget\" data-widget_type=\"image-box.default\">\n\t\t\t\t\t<div class=\"elementor-image-box-wrapper\"><figure class=\"elementor-image-box-img\"><img loading=\"lazy\" decoding=\"async\" width=\"500\" height=\"500\" src=\"https:\/\/collairy.com\/wp-content\/uploads\/2025\/06\/Emily-neu.png\" class=\"attachment-full size-full wp-image-7932\" alt=\"\" srcset=\"https:\/\/collairy.com\/wp-content\/uploads\/2025\/06\/Emily-neu.png 500w, https:\/\/collairy.com\/wp-content\/uploads\/2025\/06\/Emily-neu-100x100.png 100w, https:\/\/collairy.com\/wp-content\/uploads\/2025\/06\/Emily-neu-300x300.png 300w, https:\/\/collairy.com\/wp-content\/uploads\/2025\/06\/Emily-neu-150x150.png 150w\" sizes=\"auto, (max-width:767px) 480px, 500px\" \/><\/figure><div class=\"elementor-image-box-content\"><h3 class=\"elementor-image-box-title\">Emily<\/h3><p class=\"elementor-image-box-description\">En quelque sorte chef - Chief of Chaos\n<\/p><\/div><\/div>\t\t\t\t<\/div>\n\t\t\t\t<\/div>\n\t\t<div class=\"elementor-element elementor-element-1c7aecd6 e-con-full e-flex e-con e-child\" data-id=\"1c7aecd6\" data-element_type=\"container\" data-e-type=\"container\">\n\t\t\t\t<div class=\"elementor-element elementor-element-65d526a7 elementor-widget elementor-widget-image\" data-id=\"65d526a7\" data-element_type=\"widget\" data-e-type=\"widget\" data-widget_type=\"image.default\">\n\t\t\t\t\t\t\t\t\t\t\t\t\t\t\t<img loading=\"lazy\" decoding=\"async\" width=\"601\" height=\"769\" src=\"https:\/\/collairy.com\/wp-content\/uploads\/2025\/08\/Untitled-design.png\" class=\"attachment-large size-large wp-image-7933\" alt=\"\" srcset=\"https:\/\/collairy.com\/wp-content\/uploads\/2025\/08\/Untitled-design.png 601w, https:\/\/collairy.com\/wp-content\/uploads\/2025\/08\/Untitled-design-234x300.png 234w, https:\/\/collairy.com\/wp-content\/uploads\/2025\/08\/Untitled-design-555x710.png 555w\" sizes=\"auto, (max-width:767px) 480px, 601px\" \/>\t\t\t\t\t\t\t\t\t\t\t\t\t\t\t<\/div>\n\t\t\t\t<\/div>\n\t\t\t\t\t<\/div>\n\t\t\t\t<\/div>\n\t\t<div class=\"elementor-element elementor-element-35a4cd84 e-flex e-con-boxed e-con e-parent\" data-id=\"35a4cd84\" data-element_type=\"container\" data-e-type=\"container\">\n\t\t\t\t\t<div class=\"e-con-inner\">\n\t\t<div class=\"elementor-element elementor-element-3fafb3e4 e-con-full e-flex e-con e-child\" data-id=\"3fafb3e4\" data-element_type=\"container\" data-e-type=\"container\">\n\t\t\t\t<div class=\"elementor-element elementor-element-6ac3508 elementor-widget elementor-widget-heading\" data-id=\"6ac3508\" data-element_type=\"widget\" data-e-type=\"widget\" data-widget_type=\"heading.default\">\n\t\t\t\t\t<h2 class=\"elementor-heading-title elementor-size-default\">Ainsi est n\u00e9 Collairy<\/h2>\t\t\t\t<\/div>\n\t\t\t\t<\/div>\n\t\t\t\t\t<\/div>\n\t\t\t\t<\/div>\n\t\t<div class=\"elementor-element elementor-element-5b337b98 e-flex e-con-boxed e-con e-parent\" data-id=\"5b337b98\" data-element_type=\"container\" data-e-type=\"container\">\n\t\t\t\t\t<div class=\"e-con-inner\">\n\t\t<div class=\"elementor-element elementor-element-22ac4aa5 e-con-full e-flex e-con e-child\" data-id=\"22ac4aa5\" data-element_type=\"container\" data-e-type=\"container\">\n\t\t\t\t<div class=\"elementor-element elementor-element-fb1a100 elementor-widget elementor-widget-image\" data-id=\"fb1a100\" data-element_type=\"widget\" data-e-type=\"widget\" data-widget_type=\"image.default\">\n\t\t\t\t\t\t\t\t\t\t\t\t\t\t\t<img loading=\"lazy\" decoding=\"async\" width=\"800\" height=\"1200\" src=\"https:\/\/collairy.com\/wp-content\/uploads\/2025\/09\/Image-800x1200.png\" class=\"attachment-large size-large wp-image-7927\" alt=\"\" srcset=\"https:\/\/collairy.com\/wp-content\/uploads\/2025\/09\/Image-800x1200.png 800w, https:\/\/collairy.com\/wp-content\/uploads\/2025\/09\/Image-333x500.png 333w, https:\/\/collairy.com\/wp-content\/uploads\/2025\/09\/Image-200x300.png 200w, https:\/\/collairy.com\/wp-content\/uploads\/2025\/09\/Image-768x1152.png 768w, https:\/\/collairy.com\/wp-content\/uploads\/2025\/09\/Image-50x75.png 50w, https:\/\/collairy.com\/wp-content\/uploads\/2025\/09\/Image-480x720.png 480w\" sizes=\"auto, (max-width:767px) 480px, (max-width:800px) 100vw, 800px\" \/>\t\t\t\t\t\t\t\t\t\t\t\t\t\t\t<\/div>\n\t\t\t\t<\/div>\n\t\t<div class=\"elementor-element elementor-element-2c6ea1d3 e-con-full e-flex e-con e-child\" data-id=\"2c6ea1d3\" data-element_type=\"container\" data-e-type=\"container\">\n\t\t\t\t<div class=\"elementor-element elementor-element-27c9e5e8 elementor-widget elementor-widget-text-editor\" data-id=\"27c9e5e8\" data-element_type=\"widget\" data-e-type=\"widget\" data-widget_type=\"text-editor.default\">\n\t\t\t\t\t\t\t\t\t<p>Un syst\u00e8me de collier modulaire et magn\u00e9tique qui n&rsquo;est pas seulement pratique, mais aussi \u00e9l\u00e9gant.<br>Avec des modules interchangeables pour le suivi, la lumi\u00e8re, le rappel ou les informations m\u00e9dicales et une laisse qui peut \u00eatre utilis\u00e9e d&rsquo;une seule main.<br><strong>Et le meilleur ? Gr\u00e2ce \u00e0 la connexion magn\u00e9tique, tout est install\u00e9 en un \u00e9clair : clic, clic, clic \u2013 et d\u00e9j\u00e0 trois modules sont solidement fix\u00e9s au collier.<\/strong><\/p><p>Robuste. Bien pens\u00e9. Et assez beau pour qu&rsquo;on aime le montrer.  <\/p><p>Je voulais cr\u00e9er quelque chose qui corresponde \u00e0 notre quotidien \u2013<br>et aux chiens qui le remplissent de vie.<br>Un collier qui s&rsquo;adapte :<br>\u00c0 diff\u00e9rentes situations. \u00c0 diff\u00e9rents chiens.<br>Et \u00e0 l&rsquo;amour que nous ressentons pour eux chaque jour. <\/p><p><strong>Collairy by Emily<\/strong> est synonyme de proximit\u00e9, de confiance \u2013<br>et de la joie de traverser la vie avec des chiens.<\/p>\t\t\t\t\t\t\t\t<\/div>\n\t\t\t\t<\/div>\n\t\t\t\t\t<\/div>\n\t\t\t\t<\/div>\n\t\t<div class=\"elementor-element elementor-element-16be28b8 e-flex e-con-boxed e-con e-parent\" data-id=\"16be28b8\" data-element_type=\"container\" data-e-type=\"container\" data-settings=\"{&quot;background_background&quot;:&quot;classic&quot;}\">\n\t\t\t\t\t<div class=\"e-con-inner\">\n\t\t<div class=\"elementor-element elementor-element-29cb55e1 e-con-full e-flex e-con e-child\" data-id=\"29cb55e1\" data-element_type=\"container\" data-e-type=\"container\">\n\t\t\t\t<div class=\"elementor-element elementor-element-717de09f elementor-widget elementor-widget-heading\" data-id=\"717de09f\" data-element_type=\"widget\" data-e-type=\"widget\" data-widget_type=\"heading.default\">\n\t\t\t\t\t<h2 class=\"elementor-heading-title elementor-size-default\">Collairy by Emily<\/h2>\t\t\t\t<\/div>\n\t\t\t\t<div class=\"elementor-element elementor-element-12d524a3 elementor-widget elementor-widget-heading\" data-id=\"12d524a3\" data-element_type=\"widget\" data-e-type=\"widget\" data-widget_type=\"heading.default\">\n\t\t\t\t\t<h3 class=\"elementor-heading-title elementor-size-default\">est synonyme de proximit\u00e9, de confiance \u2013 et de la joie de traverser la vie avec des chiens.<\/h3>\t\t\t\t<\/div>\n\t\t\t\t<\/div>\n\t\t<div class=\"elementor-element elementor-element-4d6264fe e-con-full e-flex e-con e-child\" data-id=\"4d6264fe\" data-element_type=\"container\" data-e-type=\"container\">\n\t\t\t\t<div class=\"elementor-element elementor-element-b1abf9a elementor-skin-carousel elementor-widget elementor-widget-media-carousel\" data-id=\"b1abf9a\" data-element_type=\"widget\" data-e-type=\"widget\" data-settings=\"{&quot;slides_per_view&quot;:&quot;1&quot;,&quot;slides_per_view_laptop&quot;:&quot;1&quot;,&quot;slides_per_view_tablet&quot;:&quot;1&quot;,&quot;slides_to_scroll&quot;:&quot;1&quot;,&quot;slides_to_scroll_laptop&quot;:&quot;1&quot;,&quot;slides_to_scroll_tablet&quot;:&quot;1&quot;,&quot;skin&quot;:&quot;carousel&quot;,&quot;effect&quot;:&quot;slide&quot;,&quot;speed&quot;:500,&quot;autoplay&quot;:&quot;yes&quot;,&quot;autoplay_speed&quot;:5000,&quot;loop&quot;:&quot;yes&quot;,&quot;pause_on_hover&quot;:&quot;yes&quot;,&quot;pause_on_interaction&quot;:&quot;yes&quot;,&quot;space_between&quot;:{&quot;unit&quot;:&quot;px&quot;,&quot;size&quot;:10,&quot;sizes&quot;:[]},&quot;space_between_laptop&quot;:{&quot;unit&quot;:&quot;px&quot;,&quot;size&quot;:10,&quot;sizes&quot;:[]},&quot;space_between_tablet&quot;:{&quot;unit&quot;:&quot;px&quot;,&quot;size&quot;:10,&quot;sizes&quot;:[]},&quot;space_between_mobile&quot;:{&quot;unit&quot;:&quot;px&quot;,&quot;size&quot;:10,&quot;sizes&quot;:[]}}\" data-widget_type=\"media-carousel.default\">\n\t\t\t\t\t\t\t\t\t\t<div class=\"elementor-main-swiper swiper\" role=\"region\" aria-roledescription=\"carousel\" aria-label=\"Slider\">\n\t\t\t\t<div class=\"swiper-wrapper\">\n\t\t\t\t\t\t\t\t\t\t\t<div class=\"swiper-slide\" role=\"group\" aria-roledescription=\"slide\">\n\t\t\t\t\t\t\t\t\t<div class=\"elementor-carousel-image\" role=\"img\" aria-label=\"WhatsApp Image 2025-09-23 at 16.01.04_05376c13\" style=\"background-image: url(&#039;https:\/\/collairy.com\/wp-content\/uploads\/2025\/09\/WhatsApp-Image-2025-09-23-at-16.01.04_05376c13.jpg&#039;)\">\n\n\t\t\t\n\t\t\t\t\t<\/div>\n\t\t\t\t\t\t\t\t<\/div>\n\t\t\t\t\t\t\t\t\t\t\t<div class=\"swiper-slide\" role=\"group\" aria-roledescription=\"slide\">\n\t\t\t\t\t\t\t\t\t<div class=\"elementor-carousel-image\" role=\"img\" aria-label=\"WhatsApp Image 2025-09-23 at 16.01.04_010991dd\" style=\"background-image: url(&#039;https:\/\/collairy.com\/wp-content\/uploads\/2025\/09\/WhatsApp-Image-2025-09-23-at-16.01.04_010991dd.jpg&#039;)\">\n\n\t\t\t\n\t\t\t\t\t<\/div>\n\t\t\t\t\t\t\t\t<\/div>\n\t\t\t\t\t\t\t\t\t<\/div>\n\t\t\t\t\t\t\t\t\t\t\t\t\t\t\t\t\t\t\t\t\t<\/div>\n\t\t\t\t\t\t\t\t<\/div>\n\t\t\t\t<\/div>\n\t\t<div class=\"elementor-element elementor-element-1423c354 e-con-full e-flex e-con e-child\" data-id=\"1423c354\" data-element_type=\"container\" data-e-type=\"container\">\n\t\t\t\t<div class=\"elementor-element elementor-element-2499b99e elementor-widget elementor-widget-heading\" data-id=\"2499b99e\" data-element_type=\"widget\" data-e-type=\"widget\" data-widget_type=\"heading.default\">\n\t\t\t\t\t<h2 class=\"elementor-heading-title elementor-size-default\">Bienvenue chez Collairy<\/h2>\t\t\t\t<\/div>\n\t\t\t\t<div class=\"elementor-element elementor-element-719a04a3 elementor-widget elementor-widget-heading\" data-id=\"719a04a3\" data-element_type=\"widget\" data-e-type=\"widget\" data-widget_type=\"heading.default\">\n\t\t\t\t\t<h3 class=\"elementor-heading-title elementor-size-default\">- par amour pour votre chien<\/h3>\t\t\t\t<\/div>\n\t\t\t\t<\/div>\n\t\t\t\t\t<\/div>\n\t\t\t\t<\/div>\n\t\t\t\t<\/div>\n\t\t","protected":false},"excerpt":{"rendered":"<p>Je vis avec ma petite bande : Mel Mon fid\u00e8le dobermann, que j&rsquo;appelle affectueusement Mely dehors. Charly Mon weimaraner \u00e9veill\u00e9 avec sa propre t\u00eate et un<span class=\"excerpt-hellip\"> [\u2026]<\/span><\/p>\n","protected":false},"author":5,"featured_media":0,"parent":0,"menu_order":0,"comment_status":"closed","ping_status":"closed","template":"elementor_header_footer","meta":{"footnotes":""},"class_list":["post-7926","page","type-page","status-publish","hentry"],"_links":{"self":[{"href":"https:\/\/collairy.com\/fr\/wp-json\/wp\/v2\/pages\/7926","targetHints":{"allow":["GET"]}}],"collection":[{"href":"https:\/\/collairy.com\/fr\/wp-json\/wp\/v2\/pages"}],"about":[{"href":"https:\/\/collairy.com\/fr\/wp-json\/wp\/v2\/types\/page"}],"author":[{"embeddable":true,"href":"https:\/\/collairy.com\/fr\/wp-json\/wp\/v2\/users\/5"}],"replies":[{"embeddable":true,"href":"https:\/\/collairy.com\/fr\/wp-json\/wp\/v2\/comments?post=7926"}],"version-history":[{"count":1,"href":"https:\/\/collairy.com\/fr\/wp-json\/wp\/v2\/pages\/7926\/revisions"}],"predecessor-version":[{"id":7936,"href":"https:\/\/collairy.com\/fr\/wp-json\/wp\/v2\/pages\/7926\/revisions\/7936"}],"wp:attachment":[{"href":"https:\/\/collairy.com\/fr\/wp-json\/wp\/v2\/media?parent=7926"}],"curies":[{"name":"wp","href":"https:\/\/api.w.org\/{rel}","templated":true}]}}