{"id":7937,"date":"2025-08-30T23:44:52","date_gmt":"2025-08-30T21:44:52","guid":{"rendered":"https:\/\/collairy.com\/meistae\/"},"modified":"2025-11-18T14:08:15","modified_gmt":"2025-11-18T13:08:15","slug":"meistae","status":"publish","type":"page","link":"https:\/\/collairy.com\/fi\/meistae\/","title":{"rendered":"Meist\u00e4"},"content":{"rendered":"\t\t<div data-elementor-type=\"wp-page\" data-elementor-id=\"7937\" class=\"elementor elementor-7937 elementor-5438\" data-elementor-post-type=\"page\">\n\t\t\t\t<div class=\"elementor-element elementor-element-5f6d112e e-flex e-con-boxed e-con e-parent\" data-id=\"5f6d112e\" data-element_type=\"container\" data-e-type=\"container\" data-settings=\"{&quot;background_background&quot;:&quot;classic&quot;}\">\n\t\t\t\t\t<div class=\"e-con-inner\">\n\t\t\t\t\t<\/div>\n\t\t\t\t<\/div>\n\t\t<div class=\"elementor-element elementor-element-154c56de e-flex e-con-boxed e-con e-parent\" data-id=\"154c56de\" data-element_type=\"container\" data-e-type=\"container\">\n\t\t\t\t\t<div class=\"e-con-inner\">\n\t\t\t\t<div class=\"elementor-element elementor-element-a14cbda elementor-widget elementor-widget-heading\" data-id=\"a14cbda\" data-element_type=\"widget\" data-e-type=\"widget\" data-widget_type=\"heading.default\">\n\t\t\t\t\t<h2 class=\"elementor-heading-title elementor-size-default\">El\u00e4n pienen laumani kanssa:\n<\/h2>\t\t\t\t<\/div>\n\t\t<div class=\"elementor-element elementor-element-16a74a58 e-con-full e-flex e-con e-child\" data-id=\"16a74a58\" data-element_type=\"container\" data-e-type=\"container\">\n\t\t<div class=\"elementor-element elementor-element-75c09708 e-con-full e-flex e-con e-child\" data-id=\"75c09708\" data-element_type=\"container\" data-e-type=\"container\">\n\t\t\t\t<div class=\"elementor-element elementor-element-1eed6e9f elementor-widget elementor-widget-image\" data-id=\"1eed6e9f\" data-element_type=\"widget\" data-e-type=\"widget\" data-widget_type=\"image.default\">\n\t\t\t\t\t\t\t\t\t\t\t\t\t\t\t<img loading=\"lazy\" decoding=\"async\" width=\"300\" height=\"300\" src=\"https:\/\/collairy.com\/wp-content\/uploads\/2025\/08\/Mel-Pic.png\" class=\"attachment-large size-large wp-image-7940\" alt=\"\" srcset=\"https:\/\/collairy.com\/wp-content\/uploads\/2025\/08\/Mel-Pic.png 300w, https:\/\/collairy.com\/wp-content\/uploads\/2025\/08\/Mel-Pic-100x100.png 100w, https:\/\/collairy.com\/wp-content\/uploads\/2025\/08\/Mel-Pic-150x150.png 150w\" sizes=\"auto, (max-width:767px) 300px, 300px\" \/>\t\t\t\t\t\t\t\t\t\t\t\t\t\t\t<\/div>\n\t\t\t\t<div class=\"elementor-element elementor-element-1242986b elementor-widget elementor-widget-heading\" data-id=\"1242986b\" data-element_type=\"widget\" data-e-type=\"widget\" data-widget_type=\"heading.default\">\n\t\t\t\t\t<h3 class=\"elementor-heading-title elementor-size-default\">Mel<\/h3>\t\t\t\t<\/div>\n\t\t\t\t<div class=\"elementor-element elementor-element-1cbd71c8 elementor-widget elementor-widget-text-editor\" data-id=\"1cbd71c8\" data-element_type=\"widget\" data-e-type=\"widget\" data-widget_type=\"text-editor.default\">\n\t\t\t\t\t\t\t\t\t<p>Uskollinen dobermannini, jota kutsun ulkona hell\u00e4sti Melyksi.<\/p>\t\t\t\t\t\t\t\t<\/div>\n\t\t\t\t<\/div>\n\t\t<div class=\"elementor-element elementor-element-aa6428a e-con-full e-flex e-con e-child\" data-id=\"aa6428a\" data-element_type=\"container\" data-e-type=\"container\">\n\t\t\t\t<div class=\"elementor-element elementor-element-2f60df7f elementor-widget elementor-widget-image\" data-id=\"2f60df7f\" data-element_type=\"widget\" data-e-type=\"widget\" data-widget_type=\"image.default\">\n\t\t\t\t\t\t\t\t\t\t\t\t\t\t\t<img loading=\"lazy\" decoding=\"async\" width=\"300\" height=\"300\" src=\"https:\/\/collairy.com\/wp-content\/uploads\/2025\/08\/Charly.png\" class=\"attachment-large size-large wp-image-7941\" alt=\"\" srcset=\"https:\/\/collairy.com\/wp-content\/uploads\/2025\/08\/Charly.png 300w, https:\/\/collairy.com\/wp-content\/uploads\/2025\/08\/Charly-100x100.png 100w, https:\/\/collairy.com\/wp-content\/uploads\/2025\/08\/Charly-150x150.png 150w\" sizes=\"auto, (max-width:767px) 300px, 300px\" \/>\t\t\t\t\t\t\t\t\t\t\t\t\t\t\t<\/div>\n\t\t\t\t<div class=\"elementor-element elementor-element-3a568325 elementor-widget elementor-widget-heading\" data-id=\"3a568325\" data-element_type=\"widget\" data-e-type=\"widget\" data-widget_type=\"heading.default\">\n\t\t\t\t\t<h3 class=\"elementor-heading-title elementor-size-default\">Charly<\/h3>\t\t\t\t<\/div>\n\t\t\t\t<div class=\"elementor-element elementor-element-32280167 elementor-widget elementor-widget-text-editor\" data-id=\"32280167\" data-element_type=\"widget\" data-e-type=\"widget\" data-widget_type=\"text-editor.default\">\n\t\t\t\t\t\t\t\t\tVilkas weimarinseisojani, jolla on oma tahto ja suuri syd\u00e4n. H\u00e4n rakastaa pitki\u00e4 k\u00e4velylenkkej\u00e4, loputtomia rapsutuksia ja h\u00e4nell\u00e4 on aina oma suunnitelmansa \u2013 mutta juuri se tekee h\u00e4nest\u00e4 niin erityisen. \t\t\t\t\t\t\t\t<\/div>\n\t\t\t\t<\/div>\n\t\t<div class=\"elementor-element elementor-element-ff9c96d e-con-full e-flex e-con e-child\" data-id=\"ff9c96d\" data-element_type=\"container\" data-e-type=\"container\">\n\t\t\t\t<div class=\"elementor-element elementor-element-2edc11c elementor-widget elementor-widget-image\" data-id=\"2edc11c\" data-element_type=\"widget\" data-e-type=\"widget\" data-widget_type=\"image.default\">\n\t\t\t\t\t\t\t\t\t\t\t\t\t\t\t<img loading=\"lazy\" decoding=\"async\" width=\"300\" height=\"300\" src=\"https:\/\/collairy.com\/wp-content\/uploads\/2025\/08\/Kalea.png\" class=\"attachment-large size-large wp-image-7942\" alt=\"\" srcset=\"https:\/\/collairy.com\/wp-content\/uploads\/2025\/08\/Kalea.png 300w, https:\/\/collairy.com\/wp-content\/uploads\/2025\/08\/Kalea-100x100.png 100w, https:\/\/collairy.com\/wp-content\/uploads\/2025\/08\/Kalea-150x150.png 150w\" sizes=\"auto, (max-width:767px) 300px, 300px\" \/>\t\t\t\t\t\t\t\t\t\t\t\t\t\t\t<\/div>\n\t\t\t\t<div class=\"elementor-element elementor-element-2940654f elementor-widget elementor-widget-heading\" data-id=\"2940654f\" data-element_type=\"widget\" data-e-type=\"widget\" data-widget_type=\"heading.default\">\n\t\t\t\t\t<h3 class=\"elementor-heading-title elementor-size-default\">Kalea<\/h3>\t\t\t\t<\/div>\n\t\t\t\t<div class=\"elementor-element elementor-element-8e8c6ce elementor-widget elementor-widget-text-editor\" data-id=\"8e8c6ce\" data-element_type=\"widget\" data-e-type=\"widget\" data-widget_type=\"text-editor.default\">\n\t\t\t\t\t\t\t\t\tEntinen katukoira, joka on l\u00f6yt\u00e4nyt paljon k\u00e4rsiv\u00e4llisyyden ja rakkauden avulla vakiintuneen paikkansa laumassamme\t\t\t\t\t\t\t\t<\/div>\n\t\t\t\t<\/div>\n\t\t\t\t<\/div>\n\t\t\t\t\t<\/div>\n\t\t\t\t<\/div>\n\t\t<div class=\"elementor-element elementor-element-3a120958 e-flex e-con-boxed e-con e-parent\" data-id=\"3a120958\" data-element_type=\"container\" data-e-type=\"container\">\n\t\t\t\t\t<div class=\"e-con-inner\">\n\t\t<div class=\"elementor-element elementor-element-1b2016de e-con-full e-flex e-con e-child\" data-id=\"1b2016de\" data-element_type=\"container\" data-e-type=\"container\">\n\t\t\t\t<div class=\"elementor-element elementor-element-4f45e7fa elementor-widget elementor-widget-heading\" data-id=\"4f45e7fa\" data-element_type=\"widget\" data-e-type=\"widget\" data-widget_type=\"heading.default\">\n\t\t\t\t\t<h2 class=\"elementor-heading-title elementor-size-default\">Kolme koiraa. Kolme persoonallisuutta. Ja arki, joka on kaikkea\n\u2013 paitsi helppoa.  <\/h2>\t\t\t\t<\/div>\n\t\t\t\t<\/div>\n\t\t\t\t\t<\/div>\n\t\t\t\t<\/div>\n\t\t<div class=\"elementor-element elementor-element-34c473b e-flex e-con-boxed e-con e-parent\" data-id=\"34c473b\" data-element_type=\"container\" data-e-type=\"container\">\n\t\t\t\t\t<div class=\"e-con-inner\">\n\t\t<div class=\"elementor-element elementor-element-36cb0e15 e-con-full e-flex e-con e-child\" data-id=\"36cb0e15\" data-element_type=\"container\" data-e-type=\"container\">\n\t\t\t\t<div class=\"elementor-element elementor-element-6ce3bd82 elementor-widget elementor-widget-text-editor\" data-id=\"6ce3bd82\" data-element_type=\"widget\" data-e-type=\"widget\" data-widget_type=\"text-editor.default\">\n\t\t\t\t\t\t\t\t\t<p>Jokainen, joka on joskus yritt\u00e4nyt saada kolme koiraa valmiiksi ulos samaan aikaan, tuntee kaaoksen: hihnat, pannat, AirTag, valomoduuli, koiran tunnistelaatta\u2026 Ja joka kerta \u2013 todellakin joka kerta \u2013 joltakin puuttui jotain. Joskus valo, joskus GPS-paikannin, joskus h\u00e4t\u00e4merkki. Usein se oli se, joka jo raapi k\u00e4rsim\u00e4tt\u00f6m\u00e4sti ovea. Jossain vaiheessa ajattelin:   <br><strong>Miksi ei ole olemassa pantaa, joka osaa kaiken<br>\u2013 ja n\u00e4ytt\u00e4\u00e4 silti hyv\u00e4lt\u00e4?<\/strong><\/p>\t\t\t\t\t\t\t\t<\/div>\n\t\t\t\t<div class=\"elementor-element elementor-element-31ecbfad elementor-position-left elementor-vertical-align-middle elementor-widget elementor-widget-image-box\" data-id=\"31ecbfad\" data-element_type=\"widget\" data-e-type=\"widget\" data-widget_type=\"image-box.default\">\n\t\t\t\t\t<div class=\"elementor-image-box-wrapper\"><figure class=\"elementor-image-box-img\"><img loading=\"lazy\" decoding=\"async\" width=\"500\" height=\"500\" src=\"https:\/\/collairy.com\/wp-content\/uploads\/2025\/06\/Emily-neu.png\" class=\"attachment-full size-full wp-image-7943\" alt=\"\" srcset=\"https:\/\/collairy.com\/wp-content\/uploads\/2025\/06\/Emily-neu.png 500w, https:\/\/collairy.com\/wp-content\/uploads\/2025\/06\/Emily-neu-100x100.png 100w, https:\/\/collairy.com\/wp-content\/uploads\/2025\/06\/Emily-neu-300x300.png 300w, https:\/\/collairy.com\/wp-content\/uploads\/2025\/06\/Emily-neu-150x150.png 150w\" sizes=\"auto, (max-width:767px) 480px, 500px\" \/><\/figure><div class=\"elementor-image-box-content\"><h3 class=\"elementor-image-box-title\">Emily<\/h3><p class=\"elementor-image-box-description\">Jotenkin pomo - Kaaoksen p\u00e4\u00e4llikk\u00f6\n<\/p><\/div><\/div>\t\t\t\t<\/div>\n\t\t\t\t<\/div>\n\t\t<div class=\"elementor-element elementor-element-1c7aecd6 e-con-full e-flex e-con e-child\" data-id=\"1c7aecd6\" data-element_type=\"container\" data-e-type=\"container\">\n\t\t\t\t<div class=\"elementor-element elementor-element-65d526a7 elementor-widget elementor-widget-image\" data-id=\"65d526a7\" data-element_type=\"widget\" data-e-type=\"widget\" data-widget_type=\"image.default\">\n\t\t\t\t\t\t\t\t\t\t\t\t\t\t\t<img loading=\"lazy\" decoding=\"async\" width=\"601\" height=\"769\" src=\"https:\/\/collairy.com\/wp-content\/uploads\/2025\/08\/Untitled-design.png\" class=\"attachment-large size-large wp-image-7944\" alt=\"\" srcset=\"https:\/\/collairy.com\/wp-content\/uploads\/2025\/08\/Untitled-design.png 601w, https:\/\/collairy.com\/wp-content\/uploads\/2025\/08\/Untitled-design-234x300.png 234w, https:\/\/collairy.com\/wp-content\/uploads\/2025\/08\/Untitled-design-555x710.png 555w\" sizes=\"auto, (max-width:767px) 480px, 601px\" \/>\t\t\t\t\t\t\t\t\t\t\t\t\t\t\t<\/div>\n\t\t\t\t<\/div>\n\t\t\t\t\t<\/div>\n\t\t\t\t<\/div>\n\t\t<div class=\"elementor-element elementor-element-35a4cd84 e-flex e-con-boxed e-con e-parent\" data-id=\"35a4cd84\" data-element_type=\"container\" data-e-type=\"container\">\n\t\t\t\t\t<div class=\"e-con-inner\">\n\t\t<div class=\"elementor-element elementor-element-3fafb3e4 e-con-full e-flex e-con e-child\" data-id=\"3fafb3e4\" data-element_type=\"container\" data-e-type=\"container\">\n\t\t\t\t<div class=\"elementor-element elementor-element-6ac3508 elementor-widget elementor-widget-heading\" data-id=\"6ac3508\" data-element_type=\"widget\" data-e-type=\"widget\" data-widget_type=\"heading.default\">\n\t\t\t\t\t<h2 class=\"elementor-heading-title elementor-size-default\">N\u00e4in Collairy syntyi<\/h2>\t\t\t\t<\/div>\n\t\t\t\t<\/div>\n\t\t\t\t\t<\/div>\n\t\t\t\t<\/div>\n\t\t<div class=\"elementor-element elementor-element-5b337b98 e-flex e-con-boxed e-con e-parent\" data-id=\"5b337b98\" data-element_type=\"container\" data-e-type=\"container\">\n\t\t\t\t\t<div class=\"e-con-inner\">\n\t\t<div class=\"elementor-element elementor-element-22ac4aa5 e-con-full e-flex e-con e-child\" data-id=\"22ac4aa5\" data-element_type=\"container\" data-e-type=\"container\">\n\t\t\t\t<div class=\"elementor-element elementor-element-fb1a100 elementor-widget elementor-widget-image\" data-id=\"fb1a100\" data-element_type=\"widget\" data-e-type=\"widget\" data-widget_type=\"image.default\">\n\t\t\t\t\t\t\t\t\t\t\t\t\t\t\t<img loading=\"lazy\" decoding=\"async\" width=\"800\" height=\"1200\" src=\"https:\/\/collairy.com\/wp-content\/uploads\/2025\/09\/Image-800x1200.png\" class=\"attachment-large size-large wp-image-7938\" alt=\"\" srcset=\"https:\/\/collairy.com\/wp-content\/uploads\/2025\/09\/Image-800x1200.png 800w, https:\/\/collairy.com\/wp-content\/uploads\/2025\/09\/Image-333x500.png 333w, https:\/\/collairy.com\/wp-content\/uploads\/2025\/09\/Image-200x300.png 200w, https:\/\/collairy.com\/wp-content\/uploads\/2025\/09\/Image-768x1152.png 768w, https:\/\/collairy.com\/wp-content\/uploads\/2025\/09\/Image-50x75.png 50w, https:\/\/collairy.com\/wp-content\/uploads\/2025\/09\/Image-480x720.png 480w\" sizes=\"auto, (max-width:767px) 480px, (max-width:800px) 100vw, 800px\" \/>\t\t\t\t\t\t\t\t\t\t\t\t\t\t\t<\/div>\n\t\t\t\t<\/div>\n\t\t<div class=\"elementor-element elementor-element-2c6ea1d3 e-con-full e-flex e-con e-child\" data-id=\"2c6ea1d3\" data-element_type=\"container\" data-e-type=\"container\">\n\t\t\t\t<div class=\"elementor-element elementor-element-27c9e5e8 elementor-widget elementor-widget-text-editor\" data-id=\"27c9e5e8\" data-element_type=\"widget\" data-e-type=\"widget\" data-widget_type=\"text-editor.default\">\n\t\t\t\t\t\t\t\t\t<p>Modulaarinen, magneettinen panta-j\u00e4rjestelm\u00e4, joka on paitsi k\u00e4yt\u00e4nn\u00f6llinen my\u00f6s tyylik\u00e4s.<br>Vaihdettavilla moduuleilla paikannukseen, valoon, takaisinkutsuun tai l\u00e4\u00e4ketieteellisiin tietoihin sek\u00e4 talutin, jota voi k\u00e4ytt\u00e4\u00e4 yhdell\u00e4 k\u00e4dell\u00e4.<br><strong>Ja mik\u00e4 parasta? Magneettisen liit\u00e4nn\u00e4n ansiosta kaikki kiinnittyy salamannopeasti: klik, klik, klik \u2013 ja kolme moduulia ovat jo tukevasti pannassa.<\/strong><\/p><p>Kest\u00e4v\u00e4. Harkittu. Ja tarpeeksi kaunis, jotta sit\u00e4 mielell\u00e4\u00e4n esittelee.  <\/p><p>Halusin luoda jotain, joka vastaa arkip\u00e4iv\u00e4\u00e4mme \u2013<br>ja koiria, jotka t\u00e4ytt\u00e4v\u00e4t sen el\u00e4m\u00e4ll\u00e4.<br>Pannan, joka mukautuu:<br>Eri tilanteisiin. Eri koiriin.<br>Ja rakkauteen, jota tunnemme heit\u00e4 kohtaan joka p\u00e4iv\u00e4. <\/p><p><strong>Collairy by Emily<\/strong> edustaa l\u00e4heisyytt\u00e4, luottamusta \u2013<br>ja iloa kulkea el\u00e4m\u00e4ss\u00e4 koirien kanssa.<\/p>\t\t\t\t\t\t\t\t<\/div>\n\t\t\t\t<\/div>\n\t\t\t\t\t<\/div>\n\t\t\t\t<\/div>\n\t\t<div class=\"elementor-element elementor-element-16be28b8 e-flex e-con-boxed e-con e-parent\" data-id=\"16be28b8\" data-element_type=\"container\" data-e-type=\"container\" data-settings=\"{&quot;background_background&quot;:&quot;classic&quot;}\">\n\t\t\t\t\t<div class=\"e-con-inner\">\n\t\t<div class=\"elementor-element elementor-element-29cb55e1 e-con-full e-flex e-con e-child\" data-id=\"29cb55e1\" data-element_type=\"container\" data-e-type=\"container\">\n\t\t\t\t<div class=\"elementor-element elementor-element-717de09f elementor-widget elementor-widget-heading\" data-id=\"717de09f\" data-element_type=\"widget\" data-e-type=\"widget\" data-widget_type=\"heading.default\">\n\t\t\t\t\t<h2 class=\"elementor-heading-title elementor-size-default\">Collairy by Emily<\/h2>\t\t\t\t<\/div>\n\t\t\t\t<div class=\"elementor-element elementor-element-12d524a3 elementor-widget elementor-widget-heading\" data-id=\"12d524a3\" data-element_type=\"widget\" data-e-type=\"widget\" data-widget_type=\"heading.default\">\n\t\t\t\t\t<h3 class=\"elementor-heading-title elementor-size-default\">edustaa l\u00e4heisyytt\u00e4, luottamusta \u2013 ja iloa kulkea el\u00e4m\u00e4ss\u00e4 koirien kanssa.<\/h3>\t\t\t\t<\/div>\n\t\t\t\t<\/div>\n\t\t<div class=\"elementor-element elementor-element-4d6264fe e-con-full e-flex e-con e-child\" data-id=\"4d6264fe\" data-element_type=\"container\" data-e-type=\"container\">\n\t\t\t\t<div class=\"elementor-element elementor-element-b1abf9a elementor-skin-carousel elementor-widget elementor-widget-media-carousel\" data-id=\"b1abf9a\" data-element_type=\"widget\" data-e-type=\"widget\" data-settings=\"{&quot;slides_per_view&quot;:&quot;1&quot;,&quot;slides_per_view_laptop&quot;:&quot;1&quot;,&quot;slides_per_view_tablet&quot;:&quot;1&quot;,&quot;slides_to_scroll&quot;:&quot;1&quot;,&quot;slides_to_scroll_laptop&quot;:&quot;1&quot;,&quot;slides_to_scroll_tablet&quot;:&quot;1&quot;,&quot;skin&quot;:&quot;carousel&quot;,&quot;effect&quot;:&quot;slide&quot;,&quot;speed&quot;:500,&quot;autoplay&quot;:&quot;yes&quot;,&quot;autoplay_speed&quot;:5000,&quot;loop&quot;:&quot;yes&quot;,&quot;pause_on_hover&quot;:&quot;yes&quot;,&quot;pause_on_interaction&quot;:&quot;yes&quot;,&quot;space_between&quot;:{&quot;unit&quot;:&quot;px&quot;,&quot;size&quot;:10,&quot;sizes&quot;:[]},&quot;space_between_laptop&quot;:{&quot;unit&quot;:&quot;px&quot;,&quot;size&quot;:10,&quot;sizes&quot;:[]},&quot;space_between_tablet&quot;:{&quot;unit&quot;:&quot;px&quot;,&quot;size&quot;:10,&quot;sizes&quot;:[]},&quot;space_between_mobile&quot;:{&quot;unit&quot;:&quot;px&quot;,&quot;size&quot;:10,&quot;sizes&quot;:[]}}\" data-widget_type=\"media-carousel.default\">\n\t\t\t\t\t\t\t\t\t\t<div class=\"elementor-main-swiper swiper\" role=\"region\" aria-roledescription=\"carousel\" aria-label=\"Slider\">\n\t\t\t\t<div class=\"swiper-wrapper\">\n\t\t\t\t\t\t\t\t\t\t\t<div class=\"swiper-slide\" role=\"group\" aria-roledescription=\"slide\">\n\t\t\t\t\t\t\t\t\t<div class=\"elementor-carousel-image\" role=\"img\" aria-label=\"WhatsApp Image 2025-09-23 at 16.01.04_05376c13\" style=\"background-image: url(&#039;https:\/\/collairy.com\/wp-content\/uploads\/2025\/09\/WhatsApp-Image-2025-09-23-at-16.01.04_05376c13.jpg&#039;)\">\n\n\t\t\t\n\t\t\t\t\t<\/div>\n\t\t\t\t\t\t\t\t<\/div>\n\t\t\t\t\t\t\t\t\t\t\t<div class=\"swiper-slide\" role=\"group\" aria-roledescription=\"slide\">\n\t\t\t\t\t\t\t\t\t<div class=\"elementor-carousel-image\" role=\"img\" aria-label=\"WhatsApp Image 2025-09-23 at 16.01.04_010991dd\" style=\"background-image: url(&#039;https:\/\/collairy.com\/wp-content\/uploads\/2025\/09\/WhatsApp-Image-2025-09-23-at-16.01.04_010991dd.jpg&#039;)\">\n\n\t\t\t\n\t\t\t\t\t<\/div>\n\t\t\t\t\t\t\t\t<\/div>\n\t\t\t\t\t\t\t\t\t<\/div>\n\t\t\t\t\t\t\t\t\t\t\t\t\t\t\t\t\t\t\t\t\t<\/div>\n\t\t\t\t\t\t\t\t<\/div>\n\t\t\t\t<\/div>\n\t\t<div class=\"elementor-element elementor-element-1423c354 e-con-full e-flex e-con e-child\" data-id=\"1423c354\" data-element_type=\"container\" data-e-type=\"container\">\n\t\t\t\t<div class=\"elementor-element elementor-element-2499b99e elementor-widget elementor-widget-heading\" data-id=\"2499b99e\" data-element_type=\"widget\" data-e-type=\"widget\" data-widget_type=\"heading.default\">\n\t\t\t\t\t<h2 class=\"elementor-heading-title elementor-size-default\">Tervetuloa Collairyyn<\/h2>\t\t\t\t<\/div>\n\t\t\t\t<div class=\"elementor-element elementor-element-719a04a3 elementor-widget elementor-widget-heading\" data-id=\"719a04a3\" data-element_type=\"widget\" data-e-type=\"widget\" data-widget_type=\"heading.default\">\n\t\t\t\t\t<h3 class=\"elementor-heading-title elementor-size-default\">-rakkaudesta koiraasi kohtaan<\/h3>\t\t\t\t<\/div>\n\t\t\t\t<\/div>\n\t\t\t\t\t<\/div>\n\t\t\t\t<\/div>\n\t\t\t\t<\/div>\n\t\t","protected":false},"excerpt":{"rendered":"<p>El\u00e4n pienen laumani kanssa: Mel Uskollinen dobermannini, jota kutsun ulkona hell\u00e4sti Melyksi. Charly Vilkas weimarinseisojani, jolla on oma tahto ja suuri syd\u00e4n. H\u00e4n rakastaa pitki\u00e4 k\u00e4velylenkkej\u00e4,<span class=\"excerpt-hellip\"> [\u2026]<\/span><\/p>\n","protected":false},"author":5,"featured_media":0,"parent":0,"menu_order":0,"comment_status":"closed","ping_status":"closed","template":"elementor_header_footer","meta":{"footnotes":""},"class_list":["post-7937","page","type-page","status-publish","hentry"],"_links":{"self":[{"href":"https:\/\/collairy.com\/fi\/wp-json\/wp\/v2\/pages\/7937","targetHints":{"allow":["GET"]}}],"collection":[{"href":"https:\/\/collairy.com\/fi\/wp-json\/wp\/v2\/pages"}],"about":[{"href":"https:\/\/collairy.com\/fi\/wp-json\/wp\/v2\/types\/page"}],"author":[{"embeddable":true,"href":"https:\/\/collairy.com\/fi\/wp-json\/wp\/v2\/users\/5"}],"replies":[{"embeddable":true,"href":"https:\/\/collairy.com\/fi\/wp-json\/wp\/v2\/comments?post=7937"}],"version-history":[{"count":1,"href":"https:\/\/collairy.com\/fi\/wp-json\/wp\/v2\/pages\/7937\/revisions"}],"predecessor-version":[{"id":7947,"href":"https:\/\/collairy.com\/fi\/wp-json\/wp\/v2\/pages\/7937\/revisions\/7947"}],"wp:attachment":[{"href":"https:\/\/collairy.com\/fi\/wp-json\/wp\/v2\/media?parent=7937"}],"curies":[{"name":"wp","href":"https:\/\/api.w.org\/{rel}","templated":true}]}}