{"id":7982,"date":"2025-08-30T23:44:52","date_gmt":"2025-08-30T21:44:52","guid":{"rendered":"https:\/\/collairy.com\/om-os\/"},"modified":"2025-11-18T14:13:51","modified_gmt":"2025-11-18T13:13:51","slug":"om-os","status":"publish","type":"page","link":"https:\/\/collairy.com\/da\/om-os\/","title":{"rendered":"Om os"},"content":{"rendered":"\t\t<div data-elementor-type=\"wp-page\" data-elementor-id=\"7982\" class=\"elementor elementor-7982 elementor-5438\" data-elementor-post-type=\"page\">\n\t\t\t\t<div class=\"elementor-element elementor-element-5f6d112e e-flex e-con-boxed e-con e-parent\" data-id=\"5f6d112e\" data-element_type=\"container\" data-e-type=\"container\" data-settings=\"{&quot;background_background&quot;:&quot;classic&quot;}\">\n\t\t\t\t\t<div class=\"e-con-inner\">\n\t\t\t\t\t<\/div>\n\t\t\t\t<\/div>\n\t\t<div class=\"elementor-element elementor-element-154c56de e-flex e-con-boxed e-con e-parent\" data-id=\"154c56de\" data-element_type=\"container\" data-e-type=\"container\">\n\t\t\t\t\t<div class=\"e-con-inner\">\n\t\t\t\t<div class=\"elementor-element elementor-element-a14cbda elementor-widget elementor-widget-heading\" data-id=\"a14cbda\" data-element_type=\"widget\" data-e-type=\"widget\" data-widget_type=\"heading.default\">\n\t\t\t\t\t<h2 class=\"elementor-heading-title elementor-size-default\">Jeg bor med min lille flok:\n<\/h2>\t\t\t\t<\/div>\n\t\t<div class=\"elementor-element elementor-element-16a74a58 e-con-full e-flex e-con e-child\" data-id=\"16a74a58\" data-element_type=\"container\" data-e-type=\"container\">\n\t\t<div class=\"elementor-element elementor-element-75c09708 e-con-full e-flex e-con e-child\" data-id=\"75c09708\" data-element_type=\"container\" data-e-type=\"container\">\n\t\t\t\t<div class=\"elementor-element elementor-element-1eed6e9f elementor-widget elementor-widget-image\" data-id=\"1eed6e9f\" data-element_type=\"widget\" data-e-type=\"widget\" data-widget_type=\"image.default\">\n\t\t\t\t\t\t\t\t\t\t\t\t\t\t\t<img loading=\"lazy\" decoding=\"async\" width=\"300\" height=\"300\" src=\"https:\/\/collairy.com\/wp-content\/uploads\/2025\/08\/Mel-Pic.png\" class=\"attachment-large size-large wp-image-7985\" alt=\"\" srcset=\"https:\/\/collairy.com\/wp-content\/uploads\/2025\/08\/Mel-Pic.png 300w, https:\/\/collairy.com\/wp-content\/uploads\/2025\/08\/Mel-Pic-100x100.png 100w, https:\/\/collairy.com\/wp-content\/uploads\/2025\/08\/Mel-Pic-150x150.png 150w\" sizes=\"auto, (max-width:767px) 300px, 300px\" \/>\t\t\t\t\t\t\t\t\t\t\t\t\t\t\t<\/div>\n\t\t\t\t<div class=\"elementor-element elementor-element-1242986b elementor-widget elementor-widget-heading\" data-id=\"1242986b\" data-element_type=\"widget\" data-e-type=\"widget\" data-widget_type=\"heading.default\">\n\t\t\t\t\t<h3 class=\"elementor-heading-title elementor-size-default\">Mel<\/h3>\t\t\t\t<\/div>\n\t\t\t\t<div class=\"elementor-element elementor-element-1cbd71c8 elementor-widget elementor-widget-text-editor\" data-id=\"1cbd71c8\" data-element_type=\"widget\" data-e-type=\"widget\" data-widget_type=\"text-editor.default\">\n\t\t\t\t\t\t\t\t\t<p>Min trofaste dobermann, som jeg k\u00e6rligt kalder Mely, n\u00e5r vi er ude.<\/p>\t\t\t\t\t\t\t\t<\/div>\n\t\t\t\t<\/div>\n\t\t<div class=\"elementor-element elementor-element-aa6428a e-con-full e-flex e-con e-child\" data-id=\"aa6428a\" data-element_type=\"container\" data-e-type=\"container\">\n\t\t\t\t<div class=\"elementor-element elementor-element-2f60df7f elementor-widget elementor-widget-image\" data-id=\"2f60df7f\" data-element_type=\"widget\" data-e-type=\"widget\" data-widget_type=\"image.default\">\n\t\t\t\t\t\t\t\t\t\t\t\t\t\t\t<img loading=\"lazy\" decoding=\"async\" width=\"300\" height=\"300\" src=\"https:\/\/collairy.com\/wp-content\/uploads\/2025\/08\/Charly.png\" class=\"attachment-large size-large wp-image-7986\" alt=\"\" srcset=\"https:\/\/collairy.com\/wp-content\/uploads\/2025\/08\/Charly.png 300w, https:\/\/collairy.com\/wp-content\/uploads\/2025\/08\/Charly-100x100.png 100w, https:\/\/collairy.com\/wp-content\/uploads\/2025\/08\/Charly-150x150.png 150w\" sizes=\"auto, (max-width:767px) 300px, 300px\" \/>\t\t\t\t\t\t\t\t\t\t\t\t\t\t\t<\/div>\n\t\t\t\t<div class=\"elementor-element elementor-element-3a568325 elementor-widget elementor-widget-heading\" data-id=\"3a568325\" data-element_type=\"widget\" data-e-type=\"widget\" data-widget_type=\"heading.default\">\n\t\t\t\t\t<h3 class=\"elementor-heading-title elementor-size-default\">Charly<\/h3>\t\t\t\t<\/div>\n\t\t\t\t<div class=\"elementor-element elementor-element-32280167 elementor-widget elementor-widget-text-editor\" data-id=\"32280167\" data-element_type=\"widget\" data-e-type=\"widget\" data-widget_type=\"text-editor.default\">\n\t\t\t\t\t\t\t\t\tMin kvikke weimaraner med sit eget hoved og store hjerte. Han elsker lange g\u00e5ture, endel\u00f8se k\u00e6leture og har altid sin egen plan \u2013 men det er netop det, der g\u00f8r ham s\u00e5 speciel. \t\t\t\t\t\t\t\t<\/div>\n\t\t\t\t<\/div>\n\t\t<div class=\"elementor-element elementor-element-ff9c96d e-con-full e-flex e-con e-child\" data-id=\"ff9c96d\" data-element_type=\"container\" data-e-type=\"container\">\n\t\t\t\t<div class=\"elementor-element elementor-element-2edc11c elementor-widget elementor-widget-image\" data-id=\"2edc11c\" data-element_type=\"widget\" data-e-type=\"widget\" data-widget_type=\"image.default\">\n\t\t\t\t\t\t\t\t\t\t\t\t\t\t\t<img loading=\"lazy\" decoding=\"async\" width=\"300\" height=\"300\" src=\"https:\/\/collairy.com\/wp-content\/uploads\/2025\/08\/Kalea.png\" class=\"attachment-large size-large wp-image-7987\" alt=\"\" srcset=\"https:\/\/collairy.com\/wp-content\/uploads\/2025\/08\/Kalea.png 300w, https:\/\/collairy.com\/wp-content\/uploads\/2025\/08\/Kalea-100x100.png 100w, https:\/\/collairy.com\/wp-content\/uploads\/2025\/08\/Kalea-150x150.png 150w\" sizes=\"auto, (max-width:767px) 300px, 300px\" \/>\t\t\t\t\t\t\t\t\t\t\t\t\t\t\t<\/div>\n\t\t\t\t<div class=\"elementor-element elementor-element-2940654f elementor-widget elementor-widget-heading\" data-id=\"2940654f\" data-element_type=\"widget\" data-e-type=\"widget\" data-widget_type=\"heading.default\">\n\t\t\t\t\t<h3 class=\"elementor-heading-title elementor-size-default\">Kalea<\/h3>\t\t\t\t<\/div>\n\t\t\t\t<div class=\"elementor-element elementor-element-8e8c6ce elementor-widget elementor-widget-text-editor\" data-id=\"8e8c6ce\" data-element_type=\"widget\" data-e-type=\"widget\" data-widget_type=\"text-editor.default\">\n\t\t\t\t\t\t\t\t\tEn tidligere gadehund, der med stor t\u00e5lmodighed og k\u00e6rlighed har fundet sin faste plads i vores flok\t\t\t\t\t\t\t\t<\/div>\n\t\t\t\t<\/div>\n\t\t\t\t<\/div>\n\t\t\t\t\t<\/div>\n\t\t\t\t<\/div>\n\t\t<div class=\"elementor-element elementor-element-3a120958 e-flex e-con-boxed e-con e-parent\" data-id=\"3a120958\" data-element_type=\"container\" data-e-type=\"container\">\n\t\t\t\t\t<div class=\"e-con-inner\">\n\t\t<div class=\"elementor-element elementor-element-1b2016de e-con-full e-flex e-con e-child\" data-id=\"1b2016de\" data-element_type=\"container\" data-e-type=\"container\">\n\t\t\t\t<div class=\"elementor-element elementor-element-4f45e7fa elementor-widget elementor-widget-heading\" data-id=\"4f45e7fa\" data-element_type=\"widget\" data-e-type=\"widget\" data-widget_type=\"heading.default\">\n\t\t\t\t\t<h2 class=\"elementor-heading-title elementor-size-default\">Tre hunde. Tre personligheder. Og en hverdag, der er alt\n \u2013 bare ikke nem.  <\/h2>\t\t\t\t<\/div>\n\t\t\t\t<\/div>\n\t\t\t\t\t<\/div>\n\t\t\t\t<\/div>\n\t\t<div class=\"elementor-element elementor-element-34c473b e-flex e-con-boxed e-con e-parent\" data-id=\"34c473b\" data-element_type=\"container\" data-e-type=\"container\">\n\t\t\t\t\t<div class=\"e-con-inner\">\n\t\t<div class=\"elementor-element elementor-element-36cb0e15 e-con-full e-flex e-con e-child\" data-id=\"36cb0e15\" data-element_type=\"container\" data-e-type=\"container\">\n\t\t\t\t<div class=\"elementor-element elementor-element-6ce3bd82 elementor-widget elementor-widget-text-editor\" data-id=\"6ce3bd82\" data-element_type=\"widget\" data-e-type=\"widget\" data-widget_type=\"text-editor.default\">\n\t\t\t\t\t\t\t\t\t<p>Enhver, der har pr\u00f8vet at g\u00f8re tre hunde klar til at g\u00e5 ud samtidig, kender kaosset: Liner, halsb\u00e5nd, AirTag, lysmodul, hundetegn \u2026 Og hver gang \u2013 virkelig hver gang \u2013 manglede der noget for en af dem. Nogle gange lyset, nogle gange GPS-trackeren, nogle gange n\u00f8dm\u00e6rket. Ofte var det den, der allerede ut\u00e5lmodigt skrabede p\u00e5 d\u00f8ren. P\u00e5 et tidspunkt t\u00e6nkte jeg:   <br><strong>Hvorfor findes der ikke et halsb\u00e5nd, der kan det hele<br>\u2013 og stadig ser godt ud?<\/strong><\/p>\t\t\t\t\t\t\t\t<\/div>\n\t\t\t\t<div class=\"elementor-element elementor-element-31ecbfad elementor-position-left elementor-vertical-align-middle elementor-widget elementor-widget-image-box\" data-id=\"31ecbfad\" data-element_type=\"widget\" data-e-type=\"widget\" data-widget_type=\"image-box.default\">\n\t\t\t\t\t<div class=\"elementor-image-box-wrapper\"><figure class=\"elementor-image-box-img\"><img loading=\"lazy\" decoding=\"async\" width=\"500\" height=\"500\" src=\"https:\/\/collairy.com\/wp-content\/uploads\/2025\/06\/Emily-neu.png\" class=\"attachment-full size-full wp-image-7988\" alt=\"\" srcset=\"https:\/\/collairy.com\/wp-content\/uploads\/2025\/06\/Emily-neu.png 500w, https:\/\/collairy.com\/wp-content\/uploads\/2025\/06\/Emily-neu-100x100.png 100w, https:\/\/collairy.com\/wp-content\/uploads\/2025\/06\/Emily-neu-300x300.png 300w, https:\/\/collairy.com\/wp-content\/uploads\/2025\/06\/Emily-neu-150x150.png 150w\" sizes=\"auto, (max-width:767px) 480px, 500px\" \/><\/figure><div class=\"elementor-image-box-content\"><h3 class=\"elementor-image-box-title\">Emily<\/h3><p class=\"elementor-image-box-description\">P\u00e5 en m\u00e5de chef - Chief of Chaos\n<\/p><\/div><\/div>\t\t\t\t<\/div>\n\t\t\t\t<\/div>\n\t\t<div class=\"elementor-element elementor-element-1c7aecd6 e-con-full e-flex e-con e-child\" data-id=\"1c7aecd6\" data-element_type=\"container\" data-e-type=\"container\">\n\t\t\t\t<div class=\"elementor-element elementor-element-65d526a7 elementor-widget elementor-widget-image\" data-id=\"65d526a7\" data-element_type=\"widget\" data-e-type=\"widget\" data-widget_type=\"image.default\">\n\t\t\t\t\t\t\t\t\t\t\t\t\t\t\t<img loading=\"lazy\" decoding=\"async\" width=\"601\" height=\"769\" src=\"https:\/\/collairy.com\/wp-content\/uploads\/2025\/08\/Untitled-design.png\" class=\"attachment-large size-large wp-image-7990\" alt=\"\" srcset=\"https:\/\/collairy.com\/wp-content\/uploads\/2025\/08\/Untitled-design.png 601w, https:\/\/collairy.com\/wp-content\/uploads\/2025\/08\/Untitled-design-234x300.png 234w, https:\/\/collairy.com\/wp-content\/uploads\/2025\/08\/Untitled-design-555x710.png 555w\" sizes=\"auto, (max-width:767px) 480px, 601px\" \/>\t\t\t\t\t\t\t\t\t\t\t\t\t\t\t<\/div>\n\t\t\t\t<\/div>\n\t\t\t\t\t<\/div>\n\t\t\t\t<\/div>\n\t\t<div class=\"elementor-element elementor-element-35a4cd84 e-flex e-con-boxed e-con e-parent\" data-id=\"35a4cd84\" data-element_type=\"container\" data-e-type=\"container\">\n\t\t\t\t\t<div class=\"e-con-inner\">\n\t\t<div class=\"elementor-element elementor-element-3fafb3e4 e-con-full e-flex e-con e-child\" data-id=\"3fafb3e4\" data-element_type=\"container\" data-e-type=\"container\">\n\t\t\t\t<div class=\"elementor-element elementor-element-6ac3508 elementor-widget elementor-widget-heading\" data-id=\"6ac3508\" data-element_type=\"widget\" data-e-type=\"widget\" data-widget_type=\"heading.default\">\n\t\t\t\t\t<h2 class=\"elementor-heading-title elementor-size-default\">S\u00e5dan blev Collairy f\u00f8dt<\/h2>\t\t\t\t<\/div>\n\t\t\t\t<\/div>\n\t\t\t\t\t<\/div>\n\t\t\t\t<\/div>\n\t\t<div class=\"elementor-element elementor-element-5b337b98 e-flex e-con-boxed e-con e-parent\" data-id=\"5b337b98\" data-element_type=\"container\" data-e-type=\"container\">\n\t\t\t\t\t<div class=\"e-con-inner\">\n\t\t<div class=\"elementor-element elementor-element-22ac4aa5 e-con-full e-flex e-con e-child\" data-id=\"22ac4aa5\" data-element_type=\"container\" data-e-type=\"container\">\n\t\t\t\t<div class=\"elementor-element elementor-element-fb1a100 elementor-widget elementor-widget-image\" data-id=\"fb1a100\" data-element_type=\"widget\" data-e-type=\"widget\" data-widget_type=\"image.default\">\n\t\t\t\t\t\t\t\t\t\t\t\t\t\t\t<img loading=\"lazy\" decoding=\"async\" width=\"800\" height=\"1200\" src=\"https:\/\/collairy.com\/wp-content\/uploads\/2025\/09\/Image-800x1200.png\" class=\"attachment-large size-large wp-image-7983\" alt=\"\" srcset=\"https:\/\/collairy.com\/wp-content\/uploads\/2025\/09\/Image-800x1200.png 800w, https:\/\/collairy.com\/wp-content\/uploads\/2025\/09\/Image-333x500.png 333w, https:\/\/collairy.com\/wp-content\/uploads\/2025\/09\/Image-200x300.png 200w, https:\/\/collairy.com\/wp-content\/uploads\/2025\/09\/Image-768x1152.png 768w, https:\/\/collairy.com\/wp-content\/uploads\/2025\/09\/Image-50x75.png 50w, https:\/\/collairy.com\/wp-content\/uploads\/2025\/09\/Image-480x720.png 480w\" sizes=\"auto, (max-width:767px) 480px, (max-width:800px) 100vw, 800px\" \/>\t\t\t\t\t\t\t\t\t\t\t\t\t\t\t<\/div>\n\t\t\t\t<\/div>\n\t\t<div class=\"elementor-element elementor-element-2c6ea1d3 e-con-full e-flex e-con e-child\" data-id=\"2c6ea1d3\" data-element_type=\"container\" data-e-type=\"container\">\n\t\t\t\t<div class=\"elementor-element elementor-element-27c9e5e8 elementor-widget elementor-widget-text-editor\" data-id=\"27c9e5e8\" data-element_type=\"widget\" data-e-type=\"widget\" data-widget_type=\"text-editor.default\">\n\t\t\t\t\t\t\t\t\t<p>Et modul\u00e6rt, magnetisk halsb\u00e5ndssystem, der ikke kun er praktisk, men ogs\u00e5 stilfuldt.<br>Med udskiftelige moduler til lokalisering, lys, tilbagekaldelse eller medicinske oplysninger og en line, der kan betjenes med \u00e9n h\u00e5nd.<br><strong>Og det bedste? Takket v\u00e6re den magnetiske forbindelse er alt lynhurtigt fastgjort: klik, klik, klik \u2013 og s\u00e5 sidder tre moduler sikkert p\u00e5 halsb\u00e5ndet.<\/strong><\/p><p>Robust. Gennemt\u00e6nkt. Og smukt nok til, at man gerne viser det frem.  <\/p><p>Jeg ville skabe noget, der passer til vores hverdag \u2013<br>og de hunde, der fylder den med liv.<br>Et halsb\u00e5nd, der tilpasser sig:<br>Til forskellige situationer. Til forskellige hunde.<br>Og til den k\u00e6rlighed, vi f\u00f8ler for dem hver dag. <\/p><p><strong>Collairy by Emily<\/strong> st\u00e5r for n\u00e6rhed, tillid \u2013<br>og for gl\u00e6den ved at g\u00e5 gennem livet med hunde.<\/p>\t\t\t\t\t\t\t\t<\/div>\n\t\t\t\t<\/div>\n\t\t\t\t\t<\/div>\n\t\t\t\t<\/div>\n\t\t<div class=\"elementor-element elementor-element-16be28b8 e-flex e-con-boxed e-con e-parent\" data-id=\"16be28b8\" data-element_type=\"container\" data-e-type=\"container\" data-settings=\"{&quot;background_background&quot;:&quot;classic&quot;}\">\n\t\t\t\t\t<div class=\"e-con-inner\">\n\t\t<div class=\"elementor-element elementor-element-29cb55e1 e-con-full e-flex e-con e-child\" data-id=\"29cb55e1\" data-element_type=\"container\" data-e-type=\"container\">\n\t\t\t\t<div class=\"elementor-element elementor-element-717de09f elementor-widget elementor-widget-heading\" data-id=\"717de09f\" data-element_type=\"widget\" data-e-type=\"widget\" data-widget_type=\"heading.default\">\n\t\t\t\t\t<h2 class=\"elementor-heading-title elementor-size-default\">Collairy by Emily<\/h2>\t\t\t\t<\/div>\n\t\t\t\t<div class=\"elementor-element elementor-element-12d524a3 elementor-widget elementor-widget-heading\" data-id=\"12d524a3\" data-element_type=\"widget\" data-e-type=\"widget\" data-widget_type=\"heading.default\">\n\t\t\t\t\t<h3 class=\"elementor-heading-title elementor-size-default\">st\u00e5r for n\u00e6rhed, tillid \u2013 og for gl\u00e6den ved at g\u00e5 gennem livet med hunde.<\/h3>\t\t\t\t<\/div>\n\t\t\t\t<\/div>\n\t\t<div class=\"elementor-element elementor-element-4d6264fe e-con-full e-flex e-con e-child\" data-id=\"4d6264fe\" data-element_type=\"container\" data-e-type=\"container\">\n\t\t\t\t<div class=\"elementor-element elementor-element-b1abf9a elementor-skin-carousel elementor-widget elementor-widget-media-carousel\" data-id=\"b1abf9a\" data-element_type=\"widget\" data-e-type=\"widget\" data-settings=\"{&quot;slides_per_view&quot;:&quot;1&quot;,&quot;slides_per_view_laptop&quot;:&quot;1&quot;,&quot;slides_per_view_tablet&quot;:&quot;1&quot;,&quot;slides_to_scroll&quot;:&quot;1&quot;,&quot;slides_to_scroll_laptop&quot;:&quot;1&quot;,&quot;slides_to_scroll_tablet&quot;:&quot;1&quot;,&quot;skin&quot;:&quot;carousel&quot;,&quot;effect&quot;:&quot;slide&quot;,&quot;speed&quot;:500,&quot;autoplay&quot;:&quot;yes&quot;,&quot;autoplay_speed&quot;:5000,&quot;loop&quot;:&quot;yes&quot;,&quot;pause_on_hover&quot;:&quot;yes&quot;,&quot;pause_on_interaction&quot;:&quot;yes&quot;,&quot;space_between&quot;:{&quot;unit&quot;:&quot;px&quot;,&quot;size&quot;:10,&quot;sizes&quot;:[]},&quot;space_between_laptop&quot;:{&quot;unit&quot;:&quot;px&quot;,&quot;size&quot;:10,&quot;sizes&quot;:[]},&quot;space_between_tablet&quot;:{&quot;unit&quot;:&quot;px&quot;,&quot;size&quot;:10,&quot;sizes&quot;:[]},&quot;space_between_mobile&quot;:{&quot;unit&quot;:&quot;px&quot;,&quot;size&quot;:10,&quot;sizes&quot;:[]}}\" data-widget_type=\"media-carousel.default\">\n\t\t\t\t\t\t\t\t\t\t<div class=\"elementor-main-swiper swiper\" role=\"region\" aria-roledescription=\"carousel\" aria-label=\"Slider\">\n\t\t\t\t<div class=\"swiper-wrapper\">\n\t\t\t\t\t\t\t\t\t\t\t<div class=\"swiper-slide\" role=\"group\" aria-roledescription=\"slide\">\n\t\t\t\t\t\t\t\t\t<div class=\"elementor-carousel-image\" role=\"img\" aria-label=\"WhatsApp Image 2025-09-23 at 16.01.04_05376c13\" style=\"background-image: url(&#039;https:\/\/collairy.com\/wp-content\/uploads\/2025\/09\/WhatsApp-Image-2025-09-23-at-16.01.04_05376c13.jpg&#039;)\">\n\n\t\t\t\n\t\t\t\t\t<\/div>\n\t\t\t\t\t\t\t\t<\/div>\n\t\t\t\t\t\t\t\t\t\t\t<div class=\"swiper-slide\" role=\"group\" aria-roledescription=\"slide\">\n\t\t\t\t\t\t\t\t\t<div class=\"elementor-carousel-image\" role=\"img\" aria-label=\"WhatsApp Image 2025-09-23 at 16.01.04_010991dd\" style=\"background-image: url(&#039;https:\/\/collairy.com\/wp-content\/uploads\/2025\/09\/WhatsApp-Image-2025-09-23-at-16.01.04_010991dd.jpg&#039;)\">\n\n\t\t\t\n\t\t\t\t\t<\/div>\n\t\t\t\t\t\t\t\t<\/div>\n\t\t\t\t\t\t\t\t\t<\/div>\n\t\t\t\t\t\t\t\t\t\t\t\t\t\t\t\t\t\t\t\t\t<\/div>\n\t\t\t\t\t\t\t\t<\/div>\n\t\t\t\t<\/div>\n\t\t<div class=\"elementor-element elementor-element-1423c354 e-con-full e-flex e-con e-child\" data-id=\"1423c354\" data-element_type=\"container\" data-e-type=\"container\">\n\t\t\t\t<div class=\"elementor-element elementor-element-2499b99e elementor-widget elementor-widget-heading\" data-id=\"2499b99e\" data-element_type=\"widget\" data-e-type=\"widget\" data-widget_type=\"heading.default\">\n\t\t\t\t\t<h2 class=\"elementor-heading-title elementor-size-default\">Velkommen til Collairy<\/h2>\t\t\t\t<\/div>\n\t\t\t\t<div class=\"elementor-element elementor-element-719a04a3 elementor-widget elementor-widget-heading\" data-id=\"719a04a3\" data-element_type=\"widget\" data-e-type=\"widget\" data-widget_type=\"heading.default\">\n\t\t\t\t\t<h3 class=\"elementor-heading-title elementor-size-default\">- af k\u00e6rlighed til din hund<\/h3>\t\t\t\t<\/div>\n\t\t\t\t<\/div>\n\t\t\t\t\t<\/div>\n\t\t\t\t<\/div>\n\t\t\t\t<\/div>\n\t\t","protected":false},"excerpt":{"rendered":"<p>Jeg bor med min lille flok: Mel Min trofaste dobermann, som jeg k\u00e6rligt kalder Mely, n\u00e5r vi er ude. Charly Min kvikke weimaraner med sit eget<span class=\"excerpt-hellip\"> [\u2026]<\/span><\/p>\n","protected":false},"author":5,"featured_media":0,"parent":0,"menu_order":0,"comment_status":"closed","ping_status":"closed","template":"elementor_header_footer","meta":{"footnotes":""},"class_list":["post-7982","page","type-page","status-publish","hentry"],"_links":{"self":[{"href":"https:\/\/collairy.com\/da\/wp-json\/wp\/v2\/pages\/7982","targetHints":{"allow":["GET"]}}],"collection":[{"href":"https:\/\/collairy.com\/da\/wp-json\/wp\/v2\/pages"}],"about":[{"href":"https:\/\/collairy.com\/da\/wp-json\/wp\/v2\/types\/page"}],"author":[{"embeddable":true,"href":"https:\/\/collairy.com\/da\/wp-json\/wp\/v2\/users\/5"}],"replies":[{"embeddable":true,"href":"https:\/\/collairy.com\/da\/wp-json\/wp\/v2\/comments?post=7982"}],"version-history":[{"count":2,"href":"https:\/\/collairy.com\/da\/wp-json\/wp\/v2\/pages\/7982\/revisions"}],"predecessor-version":[{"id":8105,"href":"https:\/\/collairy.com\/da\/wp-json\/wp\/v2\/pages\/7982\/revisions\/8105"}],"wp:attachment":[{"href":"https:\/\/collairy.com\/da\/wp-json\/wp\/v2\/media?parent=7982"}],"curies":[{"name":"wp","href":"https:\/\/api.w.org\/{rel}","templated":true}]}}