{"id":8000,"date":"2022-08-23T08:51:59","date_gmt":"2022-08-23T06:51:59","guid":{"rendered":"https:\/\/collairy.com\/seznam-prani\/"},"modified":"2022-08-23T08:51:59","modified_gmt":"2022-08-23T06:51:59","slug":"seznam-prani","status":"publish","type":"page","link":"https:\/\/collairy.com\/cs\/seznam-prani\/","title":{"rendered":"Seznam p\u0159\u00e1n\u00ed"},"content":{"rendered":"","protected":false},"excerpt":{"rendered":"","protected":false},"author":5,"featured_media":0,"parent":0,"menu_order":0,"comment_status":"closed","ping_status":"closed","template":"","meta":{"footnotes":""},"class_list":["post-8000","page","type-page","status-publish","hentry"],"_links":{"self":[{"href":"https:\/\/collairy.com\/cs\/wp-json\/wp\/v2\/pages\/8000","targetHints":{"allow":["GET"]}}],"collection":[{"href":"https:\/\/collairy.com\/cs\/wp-json\/wp\/v2\/pages"}],"about":[{"href":"https:\/\/collairy.com\/cs\/wp-json\/wp\/v2\/types\/page"}],"author":[{"embeddable":true,"href":"https:\/\/collairy.com\/cs\/wp-json\/wp\/v2\/users\/5"}],"replies":[{"embeddable":true,"href":"https:\/\/collairy.com\/cs\/wp-json\/wp\/v2\/comments?post=8000"}],"version-history":[{"count":0,"href":"https:\/\/collairy.com\/cs\/wp-json\/wp\/v2\/pages\/8000\/revisions"}],"wp:attachment":[{"href":"https:\/\/collairy.com\/cs\/wp-json\/wp\/v2\/media?parent=8000"}],"curies":[{"name":"wp","href":"https:\/\/api.w.org\/{rel}","templated":true}]}}