{"id":7728,"date":"2022-08-11T10:45:01","date_gmt":"2022-08-11T08:45:01","guid":{"rendered":"https:\/\/collairy.com\/muj-ucet\/"},"modified":"2025-11-17T17:29:57","modified_gmt":"2025-11-17T16:29:57","slug":"muj-ucet","status":"publish","type":"page","link":"https:\/\/collairy.com\/cs\/muj-ucet\/","title":{"rendered":"M\u016fj \u00fa\u010det"},"content":{"rendered":"<div class=\"woocommerce\"><\/div>\n","protected":false},"excerpt":{"rendered":"","protected":false},"author":5,"featured_media":0,"parent":0,"menu_order":0,"comment_status":"open","ping_status":"closed","template":"","meta":{"footnotes":""},"class_list":["post-7728","page","type-page","status-publish","hentry"],"_links":{"self":[{"href":"https:\/\/collairy.com\/cs\/wp-json\/wp\/v2\/pages\/7728","targetHints":{"allow":["GET"]}}],"collection":[{"href":"https:\/\/collairy.com\/cs\/wp-json\/wp\/v2\/pages"}],"about":[{"href":"https:\/\/collairy.com\/cs\/wp-json\/wp\/v2\/types\/page"}],"author":[{"embeddable":true,"href":"https:\/\/collairy.com\/cs\/wp-json\/wp\/v2\/users\/5"}],"replies":[{"embeddable":true,"href":"https:\/\/collairy.com\/cs\/wp-json\/wp\/v2\/comments?post=7728"}],"version-history":[{"count":0,"href":"https:\/\/collairy.com\/cs\/wp-json\/wp\/v2\/pages\/7728\/revisions"}],"wp:attachment":[{"href":"https:\/\/collairy.com\/cs\/wp-json\/wp\/v2\/media?parent=7728"}],"curies":[{"name":"wp","href":"https:\/\/api.w.org\/{rel}","templated":true}]}}